{"id":45,"date":"2024-01-16T15:43:32","date_gmt":"2024-01-16T15:43:32","guid":{"rendered":"https:\/\/ericoglobal.com\/sv\/erico-vindkraftspark\/patterns\/"},"modified":"2024-06-06T18:24:19","modified_gmt":"2024-06-06T16:24:19","slug":"monster","status":"publish","type":"page","link":"https:\/\/ericoglobal.com\/sv\/design-system\/monster\/","title":{"rendered":"M\u00f6nster"},"content":{"rendered":"<h2 class=\"wp-block-post-title\">M\u00f6nster<\/h2>\n\n\n\n\n<hr class=\"wp-block-separator has-alpha-channel-opacity\"\/>\n\n\n\n<h2 class=\"wp-block-heading\">Slide<\/h2>\n\n\n\n<h3 class=\"wp-block-heading has-small-font-size\">Default<\/h3>\n\n\n\n<section class=\"wp-block-group alignwide c-slide has-global-padding is-layout-constrained wp-block-group-is-layout-constrained\">\n<div class=\"wp-block-media-text alignfull is-stacked-on-mobile is-vertically-aligned-center\" style=\"grid-template-columns:40% auto\"><figure class=\"wp-block-media-text__media\"><img decoding=\"async\" src=\"https:\/\/cdn.ericoglobal.com\/uploads\/2024\/01\/1-1-1024x1024.png\" alt=\"\" class=\"wp-image-25 size-full\"\/><\/figure><div class=\"wp-block-media-text__content\">\n<h2 class=\"wp-block-heading has-xxlarge-font-size\">Move the world <em>forward<\/em><\/h2>\n\n\n\n<p>As part of Europe\u2019s largest open exchange pool alongside hundreds of thousands of partners and customers, we promote the reuse of pallets and packaging through a shared commitment.<\/p>\n\n\n\n<div class=\"wp-block-buttons is-layout-flex wp-block-buttons-is-layout-flex\">\n<div class=\"wp-block-button\"><a class=\"wp-block-button__link wp-element-button\">Pallet Supply<\/a><\/div>\n\n\n\n<div class=\"wp-block-button is-style-outline is-style-outline--1\"><a class=\"wp-block-button__link wp-element-button\">Pallet Recovery<\/a><\/div>\n<\/div>\n<\/div><\/div>\n<\/section>\n\n\n\n<h3 class=\"wp-block-heading has-small-font-size\">Secondary Background<\/h3>\n\n\n\n<section class=\"wp-block-group alignwide c-slide has-brand-secondary-background-color has-background has-global-padding is-layout-constrained wp-block-group-is-layout-constrained\">\n<div class=\"wp-block-media-text alignfull is-stacked-on-mobile is-vertically-aligned-center\" style=\"grid-template-columns:40% auto\"><figure class=\"wp-block-media-text__media\"><img decoding=\"async\" src=\"https:\/\/cdn.ericoglobal.com\/uploads\/2024\/01\/1-1-1024x1024.png\" alt=\"\" class=\"wp-image-25 size-full\"\/><\/figure><div class=\"wp-block-media-text__content\">\n<h2 class=\"wp-block-heading has-xxlarge-font-size\">Move the world <em>forward<\/em><\/h2>\n\n\n\n<p>As part of Europe\u2019s largest open exchange pool alongside hundreds of thousands of partners and customers, we promote the reuse of pallets and packaging through a shared commitment.<\/p>\n\n\n\n<div class=\"wp-block-buttons is-layout-flex wp-block-buttons-is-layout-flex\">\n<div class=\"wp-block-button\"><a class=\"wp-block-button__link wp-element-button\">Pallet Supply<\/a><\/div>\n\n\n\n<div class=\"wp-block-button is-style-outline is-style-outline--2\"><a class=\"wp-block-button__link wp-element-button\">Pallet Recovery<\/a><\/div>\n<\/div>\n<\/div><\/div>\n<\/section>\n\n\n\n<hr class=\"wp-block-separator has-alpha-channel-opacity\"\/>\n\n\n\n<h2 class=\"wp-block-heading\">Product<\/h2>\n\n\n\n<div class=\"wp-block-columns alignwide is-layout-flex wp-container-core-columns-is-layout-28f84493 wp-block-columns-is-layout-flex\">\n<div class=\"wp-block-column is-layout-flow wp-block-column-is-layout-flow\">\n<article class=\"wp-block-group c-card-product has-global-padding is-layout-constrained wp-block-group-is-layout-constrained\">\n<div class=\"wp-block-cover is-light has-custom-content-position is-position-top-center\"><span aria-hidden=\"true\" class=\"wp-block-cover__background has-black-background-color has-background-dim-30 has-background-dim\"><\/span><img decoding=\"async\" class=\"wp-block-cover__image-background wp-image-131\" alt=\"\" src=\"https:\/\/www.ericoglobal.test:8443\/app\/uploads\/2024\/01\/1-1.png\" data-object-fit=\"cover\"\/><div class=\"wp-block-cover__inner-container is-layout-flow wp-block-cover-is-layout-flow\">\n<div class=\"wp-block-group is-vertical is-content-justification-stretch is-layout-flex wp-container-core-group-is-layout-e9e70883 wp-block-group-is-layout-flex\">\n\n\n<h2 class=\"wp-block-heading has-xsmall-font-size\">On-site Services<\/h2>\n\n\n\n<div class=\"wp-block-buttons is-content-justification-right is-layout-flex wp-container-core-buttons-is-layout-ca13948c wp-block-buttons-is-layout-flex\">\n<div class=\"wp-block-button has-icon__arrow-right\"><a class=\"wp-block-button__link wp-element-button\"><span class=\"wp-block-button__label\">More<\/span><span class=\"wp-block-button__icon\" aria-hidden=\"true\"><svg width=\"24\" height=\"24\" viewBox=\"0 0 24 24\" fill=\"none\" xmlns=\"http:\/\/www.w3.org\/2000\/svg\"><path d=\"M14.375 3.31057L22.625 11.1802C22.8594 11.4145 23 11.6955 23 12.0234C23 12.3045 22.8594 12.5855 22.625 12.8198L14.375 20.6894C13.9531 21.111 13.2031 21.111 12.7812 20.6426C12.3594 20.221 12.3594 19.4715 12.8281 19.0499L19.0625 13.1477H3.125C2.46875 13.1477 2 12.6324 2 12.0234C2 11.3676 2.46875 10.8992 3.125 10.8992H19.0625L12.8281 4.95008C12.3594 4.52849 12.3594 3.779 12.7812 3.35741C13.2031 2.88898 13.9062 2.88898 14.375 3.31057Z\" fill=\"currentColor\"\/><\/svg><\/span><\/a><\/div>\n<\/div>\n<\/div>\n<\/div><\/div>\n<\/article>\n<\/div>\n\n\n\n<div class=\"wp-block-column is-layout-flow wp-block-column-is-layout-flow\">\n<article class=\"wp-block-group c-card-product has-global-padding is-layout-constrained wp-block-group-is-layout-constrained\">\n<div class=\"wp-block-cover is-light has-custom-content-position is-position-top-center\"><span aria-hidden=\"true\" class=\"wp-block-cover__background has-black-background-color has-background-dim-30 has-background-dim\"><\/span><img decoding=\"async\" class=\"wp-block-cover__image-background wp-image-131\" alt=\"\" src=\"https:\/\/www.ericoglobal.test:8443\/app\/uploads\/2024\/01\/1-1.png\" data-object-fit=\"cover\"\/><div class=\"wp-block-cover__inner-container is-layout-flow wp-block-cover-is-layout-flow\">\n<div class=\"wp-block-group is-vertical is-content-justification-stretch is-layout-flex wp-container-core-group-is-layout-353c4f5a wp-block-group-is-layout-flex\">\n\n\n<h2 class=\"wp-block-heading has-xsmall-font-size\">Asset Management<\/h2>\n\n\n\n<div class=\"wp-block-buttons is-content-justification-right is-layout-flex wp-container-core-buttons-is-layout-ca13948c wp-block-buttons-is-layout-flex\">\n<div class=\"wp-block-button has-icon__arrow-right\"><a class=\"wp-block-button__link wp-element-button\"><span class=\"wp-block-button__label\">More<\/span><span class=\"wp-block-button__icon\" aria-hidden=\"true\"><svg width=\"24\" height=\"24\" viewBox=\"0 0 24 24\" fill=\"none\" xmlns=\"http:\/\/www.w3.org\/2000\/svg\"><path d=\"M14.375 3.31057L22.625 11.1802C22.8594 11.4145 23 11.6955 23 12.0234C23 12.3045 22.8594 12.5855 22.625 12.8198L14.375 20.6894C13.9531 21.111 13.2031 21.111 12.7812 20.6426C12.3594 20.221 12.3594 19.4715 12.8281 19.0499L19.0625 13.1477H3.125C2.46875 13.1477 2 12.6324 2 12.0234C2 11.3676 2.46875 10.8992 3.125 10.8992H19.0625L12.8281 4.95008C12.3594 4.52849 12.3594 3.779 12.7812 3.35741C13.2031 2.88898 13.9062 2.88898 14.375 3.31057Z\" fill=\"currentColor\"\/><\/svg><\/span><\/a><\/div>\n<\/div>\n<\/div>\n<\/div><\/div>\n<\/article>\n<\/div>\n\n\n\n<div class=\"wp-block-column is-layout-flow wp-block-column-is-layout-flow\">\n<article class=\"wp-block-group c-card-product has-global-padding is-layout-constrained wp-block-group-is-layout-constrained\">\n<div class=\"wp-block-cover is-light has-custom-content-position is-position-top-center\"><span aria-hidden=\"true\" class=\"wp-block-cover__background has-black-background-color has-background-dim-30 has-background-dim\"><\/span><img decoding=\"async\" class=\"wp-block-cover__image-background wp-image-131\" alt=\"\" src=\"https:\/\/www.ericoglobal.test:8443\/app\/uploads\/2024\/01\/1-1.png\" data-object-fit=\"cover\"\/><div class=\"wp-block-cover__inner-container is-layout-flow wp-block-cover-is-layout-flow\">\n<div class=\"wp-block-group is-vertical is-content-justification-stretch is-layout-flex wp-container-core-group-is-layout-353c4f5a wp-block-group-is-layout-flex\">\n\n\n<h2 class=\"wp-block-heading has-xsmall-font-size\">Logistics Managment<\/h2>\n\n\n\n<div class=\"wp-block-buttons is-content-justification-right is-layout-flex wp-container-core-buttons-is-layout-ca13948c wp-block-buttons-is-layout-flex\">\n<div class=\"wp-block-button has-icon__arrow-right\"><a class=\"wp-block-button__link wp-element-button\"><span class=\"wp-block-button__label\">More<\/span><span class=\"wp-block-button__icon\" aria-hidden=\"true\"><svg width=\"24\" height=\"24\" viewBox=\"0 0 24 24\" fill=\"none\" xmlns=\"http:\/\/www.w3.org\/2000\/svg\"><path d=\"M14.375 3.31057L22.625 11.1802C22.8594 11.4145 23 11.6955 23 12.0234C23 12.3045 22.8594 12.5855 22.625 12.8198L14.375 20.6894C13.9531 21.111 13.2031 21.111 12.7812 20.6426C12.3594 20.221 12.3594 19.4715 12.8281 19.0499L19.0625 13.1477H3.125C2.46875 13.1477 2 12.6324 2 12.0234C2 11.3676 2.46875 10.8992 3.125 10.8992H19.0625L12.8281 4.95008C12.3594 4.52849 12.3594 3.779 12.7812 3.35741C13.2031 2.88898 13.9062 2.88898 14.375 3.31057Z\" fill=\"currentColor\"\/><\/svg><\/span><\/a><\/div>\n<\/div>\n<\/div>\n<\/div><\/div>\n<\/article>\n<\/div>\n\n\n\n<div class=\"wp-block-column is-layout-flow wp-block-column-is-layout-flow\">\n<article class=\"wp-block-group c-card-product has-global-padding is-layout-constrained wp-block-group-is-layout-constrained\">\n<div class=\"wp-block-cover is-light has-custom-content-position is-position-top-center\"><span aria-hidden=\"true\" class=\"wp-block-cover__background has-black-background-color has-background-dim-30 has-background-dim\"><\/span><div class=\"wp-block-cover__inner-container is-layout-flow wp-block-cover-is-layout-flow\">\n<div class=\"wp-block-group is-vertical is-content-justification-stretch is-layout-flex wp-container-core-group-is-layout-353c4f5a wp-block-group-is-layout-flex\">\n\n\n<h2 class=\"wp-block-heading has-xsmall-font-size\">Pallets &amp; Packaging<\/h2>\n\n\n\n<div class=\"wp-block-buttons is-content-justification-right is-layout-flex wp-container-core-buttons-is-layout-ca13948c wp-block-buttons-is-layout-flex\">\n<div class=\"wp-block-button is-style-outline is-style-outline--3\"><a class=\"wp-block-button__link wp-element-button\">Discover<\/a><\/div>\n<\/div>\n<\/div>\n<\/div><\/div>\n<\/article>\n<\/div>\n<\/div>\n","protected":false},"excerpt":{"rendered":"<p>Som en del av Europas st\u00f6rsta \u00f6ppna b\u00f6rspool tillsammans med hundratusentals partners och kunder fr\u00e4mjar vi \u00e5teranv\u00e4ndning av pallar och f\u00f6rpackningar genom ett gemensamt \u00e5tagande. Sekund\u00e4r bakgrund Flytta v\u00e4rlden fram\u00e5t Som en del av Europas st\u00f6rsta \u00f6ppna utbytespool tillsammans med hundratusentals partners och kunder fr\u00e4mjar vi \u00e5teranv\u00e4ndning av pallar och f\u00f6rpackningar genom ett gemensamt \u00e5tagande. Produkt<\/p>\n","protected":false},"author":2,"featured_media":0,"parent":33,"menu_order":0,"comment_status":"closed","ping_status":"closed","template":"","meta":{"_trash_the_other_posts":false,"editor_notices":[],"footnotes":""},"class_list":["post-45","page","type-page","status-publish","hentry"],"yoast_head":"<!-- This site is optimized with the Yoast SEO plugin v27.5 - https:\/\/yoast.com\/product\/yoast-seo-wordpress\/ -->\n<title>M\u00f6nster - Erico (SE)<\/title>\n<meta name=\"robots\" content=\"index, follow, max-snippet:-1, max-image-preview:large, max-video-preview:-1\" \/>\n<link rel=\"canonical\" href=\"https:\/\/ericoglobal.com\/sv\/design-system\/monster\/\" \/>\n<meta property=\"og:locale\" content=\"sv_SE\" \/>\n<meta property=\"og:type\" content=\"article\" \/>\n<meta property=\"og:title\" content=\"M\u00f6nster - Erico (SE)\" \/>\n<meta property=\"og:description\" content=\"Som en del av Europas st\u00f6rsta \u00f6ppna b\u00f6rspool tillsammans med hundratusentals partners och kunder fr\u00e4mjar vi \u00e5teranv\u00e4ndning av pallar och f\u00f6rpackningar genom ett gemensamt \u00e5tagande. Sekund\u00e4r bakgrund Flytta v\u00e4rlden fram\u00e5t Som en del av Europas st\u00f6rsta \u00f6ppna utbytespool tillsammans med hundratusentals partners och kunder fr\u00e4mjar vi \u00e5teranv\u00e4ndning av pallar och f\u00f6rpackningar genom ett gemensamt \u00e5tagande. Produkt\" \/>\n<meta property=\"og:url\" content=\"https:\/\/ericoglobal.com\/sv\/design-system\/monster\/\" \/>\n<meta property=\"og:site_name\" content=\"Erico (SE)\" \/>\n<meta property=\"article:modified_time\" content=\"2024-06-06T16:24:19+00:00\" \/>\n<meta property=\"og:image\" content=\"https:\/\/cdn.ericoglobal.com\/uploads\/2024\/01\/1-1-1024x1024.png\" \/>\n<meta name=\"twitter:card\" content=\"summary_large_image\" \/>\n<script type=\"application\/ld+json\" class=\"yoast-schema-graph\">{\"@context\":\"https:\\\/\\\/schema.org\",\"@graph\":[{\"@type\":\"WebPage\",\"@id\":\"https:\\\/\\\/ericoglobal.com\\\/sv\\\/design-system\\\/monster\\\/\",\"url\":\"https:\\\/\\\/ericoglobal.com\\\/sv\\\/design-system\\\/monster\\\/\",\"name\":\"M\u00f6nster - Erico (SE)\",\"isPartOf\":{\"@id\":\"https:\\\/\\\/ericoglobal.com\\\/sv\\\/#website\"},\"primaryImageOfPage\":{\"@id\":\"https:\\\/\\\/ericoglobal.com\\\/sv\\\/design-system\\\/monster\\\/#primaryimage\"},\"image\":{\"@id\":\"https:\\\/\\\/ericoglobal.com\\\/sv\\\/design-system\\\/monster\\\/#primaryimage\"},\"thumbnailUrl\":\"https:\\\/\\\/cdn.ericoglobal.com\\\/uploads\\\/2024\\\/01\\\/1-1-1024x1024.png\",\"datePublished\":\"2024-01-16T15:43:32+00:00\",\"dateModified\":\"2024-06-06T16:24:19+00:00\",\"breadcrumb\":{\"@id\":\"https:\\\/\\\/ericoglobal.com\\\/sv\\\/design-system\\\/monster\\\/#breadcrumb\"},\"inLanguage\":\"sv-SE\",\"potentialAction\":[{\"@type\":\"ReadAction\",\"target\":[\"https:\\\/\\\/ericoglobal.com\\\/sv\\\/design-system\\\/monster\\\/\"]}]},{\"@type\":\"ImageObject\",\"inLanguage\":\"sv-SE\",\"@id\":\"https:\\\/\\\/ericoglobal.com\\\/sv\\\/design-system\\\/monster\\\/#primaryimage\",\"url\":\"https:\\\/\\\/cdn.ericoglobal.com\\\/uploads\\\/2024\\\/01\\\/1-1-1024x1024.png\",\"contentUrl\":\"https:\\\/\\\/cdn.ericoglobal.com\\\/uploads\\\/2024\\\/01\\\/1-1-1024x1024.png\"},{\"@type\":\"BreadcrumbList\",\"@id\":\"https:\\\/\\\/ericoglobal.com\\\/sv\\\/design-system\\\/monster\\\/#breadcrumb\",\"itemListElement\":[{\"@type\":\"ListItem\",\"position\":1,\"name\":\"Home\",\"item\":\"https:\\\/\\\/ericoglobal.com\\\/sv\\\/\"},{\"@type\":\"ListItem\",\"position\":2,\"name\":\"Konstruktionssystem\",\"item\":\"https:\\\/\\\/ericoglobal.com\\\/sv\\\/design-system\\\/\"},{\"@type\":\"ListItem\",\"position\":3,\"name\":\"M\u00f6nster\"}]},{\"@type\":\"WebSite\",\"@id\":\"https:\\\/\\\/ericoglobal.com\\\/sv\\\/#website\",\"url\":\"https:\\\/\\\/ericoglobal.com\\\/sv\\\/\",\"name\":\"Erico (SE)\",\"description\":\"\",\"publisher\":{\"@id\":\"https:\\\/\\\/ericoglobal.com\\\/sv\\\/#organization\"},\"potentialAction\":[{\"@type\":\"SearchAction\",\"target\":{\"@type\":\"EntryPoint\",\"urlTemplate\":\"https:\\\/\\\/ericoglobal.com\\\/sv\\\/?s={search_term_string}\"},\"query-input\":{\"@type\":\"PropertyValueSpecification\",\"valueRequired\":true,\"valueName\":\"search_term_string\"}}],\"inLanguage\":\"sv-SE\"},{\"@type\":\"Organization\",\"@id\":\"https:\\\/\\\/ericoglobal.com\\\/sv\\\/#organization\",\"name\":\"Erico (SE)\",\"url\":\"https:\\\/\\\/ericoglobal.com\\\/sv\\\/\",\"logo\":{\"@type\":\"ImageObject\",\"inLanguage\":\"sv-SE\",\"@id\":\"https:\\\/\\\/ericoglobal.com\\\/sv\\\/#\\\/schema\\\/logo\\\/image\\\/\",\"url\":\"https:\\\/\\\/cdn.ericoglobal.com\\\/uploads\\\/sites\\\/3\\\/2024\\\/05\\\/logo_erico-primary_color.svg\",\"contentUrl\":\"https:\\\/\\\/cdn.ericoglobal.com\\\/uploads\\\/sites\\\/3\\\/2024\\\/05\\\/logo_erico-primary_color.svg\",\"width\":76,\"height\":24,\"caption\":\"Erico (SE)\"},\"image\":{\"@id\":\"https:\\\/\\\/ericoglobal.com\\\/sv\\\/#\\\/schema\\\/logo\\\/image\\\/\"}}]}<\/script>\n<!-- \/ Yoast SEO plugin. -->","yoast_head_json":{"title":"M\u00f6nster - Erico (SE)","robots":{"index":"index","follow":"follow","max-snippet":"max-snippet:-1","max-image-preview":"max-image-preview:large","max-video-preview":"max-video-preview:-1"},"canonical":"https:\/\/ericoglobal.com\/sv\/design-system\/monster\/","og_locale":"sv_SE","og_type":"article","og_title":"M\u00f6nster - Erico (SE)","og_description":"Som en del av Europas st\u00f6rsta \u00f6ppna b\u00f6rspool tillsammans med hundratusentals partners och kunder fr\u00e4mjar vi \u00e5teranv\u00e4ndning av pallar och f\u00f6rpackningar genom ett gemensamt \u00e5tagande. Sekund\u00e4r bakgrund Flytta v\u00e4rlden fram\u00e5t Som en del av Europas st\u00f6rsta \u00f6ppna utbytespool tillsammans med hundratusentals partners och kunder fr\u00e4mjar vi \u00e5teranv\u00e4ndning av pallar och f\u00f6rpackningar genom ett gemensamt \u00e5tagande. Produkt","og_url":"https:\/\/ericoglobal.com\/sv\/design-system\/monster\/","og_site_name":"Erico (SE)","article_modified_time":"2024-06-06T16:24:19+00:00","og_image":[{"url":"https:\/\/cdn.ericoglobal.com\/uploads\/2024\/01\/1-1-1024x1024.png","type":"","width":"","height":""}],"twitter_card":"summary_large_image","schema":{"@context":"https:\/\/schema.org","@graph":[{"@type":"WebPage","@id":"https:\/\/ericoglobal.com\/sv\/design-system\/monster\/","url":"https:\/\/ericoglobal.com\/sv\/design-system\/monster\/","name":"M\u00f6nster - Erico (SE)","isPartOf":{"@id":"https:\/\/ericoglobal.com\/sv\/#website"},"primaryImageOfPage":{"@id":"https:\/\/ericoglobal.com\/sv\/design-system\/monster\/#primaryimage"},"image":{"@id":"https:\/\/ericoglobal.com\/sv\/design-system\/monster\/#primaryimage"},"thumbnailUrl":"https:\/\/cdn.ericoglobal.com\/uploads\/2024\/01\/1-1-1024x1024.png","datePublished":"2024-01-16T15:43:32+00:00","dateModified":"2024-06-06T16:24:19+00:00","breadcrumb":{"@id":"https:\/\/ericoglobal.com\/sv\/design-system\/monster\/#breadcrumb"},"inLanguage":"sv-SE","potentialAction":[{"@type":"ReadAction","target":["https:\/\/ericoglobal.com\/sv\/design-system\/monster\/"]}]},{"@type":"ImageObject","inLanguage":"sv-SE","@id":"https:\/\/ericoglobal.com\/sv\/design-system\/monster\/#primaryimage","url":"https:\/\/cdn.ericoglobal.com\/uploads\/2024\/01\/1-1-1024x1024.png","contentUrl":"https:\/\/cdn.ericoglobal.com\/uploads\/2024\/01\/1-1-1024x1024.png"},{"@type":"BreadcrumbList","@id":"https:\/\/ericoglobal.com\/sv\/design-system\/monster\/#breadcrumb","itemListElement":[{"@type":"ListItem","position":1,"name":"Home","item":"https:\/\/ericoglobal.com\/sv\/"},{"@type":"ListItem","position":2,"name":"Konstruktionssystem","item":"https:\/\/ericoglobal.com\/sv\/design-system\/"},{"@type":"ListItem","position":3,"name":"M\u00f6nster"}]},{"@type":"WebSite","@id":"https:\/\/ericoglobal.com\/sv\/#website","url":"https:\/\/ericoglobal.com\/sv\/","name":"Erico (SE)","description":"","publisher":{"@id":"https:\/\/ericoglobal.com\/sv\/#organization"},"potentialAction":[{"@type":"SearchAction","target":{"@type":"EntryPoint","urlTemplate":"https:\/\/ericoglobal.com\/sv\/?s={search_term_string}"},"query-input":{"@type":"PropertyValueSpecification","valueRequired":true,"valueName":"search_term_string"}}],"inLanguage":"sv-SE"},{"@type":"Organization","@id":"https:\/\/ericoglobal.com\/sv\/#organization","name":"Erico (SE)","url":"https:\/\/ericoglobal.com\/sv\/","logo":{"@type":"ImageObject","inLanguage":"sv-SE","@id":"https:\/\/ericoglobal.com\/sv\/#\/schema\/logo\/image\/","url":"https:\/\/cdn.ericoglobal.com\/uploads\/sites\/3\/2024\/05\/logo_erico-primary_color.svg","contentUrl":"https:\/\/cdn.ericoglobal.com\/uploads\/sites\/3\/2024\/05\/logo_erico-primary_color.svg","width":76,"height":24,"caption":"Erico (SE)"},"image":{"@id":"https:\/\/ericoglobal.com\/sv\/#\/schema\/logo\/image\/"}}]}},"_links":{"self":[{"href":"https:\/\/ericoglobal.com\/sv\/wp-json\/wp\/v2\/pages\/45","targetHints":{"allow":["GET"]}}],"collection":[{"href":"https:\/\/ericoglobal.com\/sv\/wp-json\/wp\/v2\/pages"}],"about":[{"href":"https:\/\/ericoglobal.com\/sv\/wp-json\/wp\/v2\/types\/page"}],"author":[{"embeddable":true,"href":"https:\/\/ericoglobal.com\/sv\/wp-json\/wp\/v2\/users\/2"}],"replies":[{"embeddable":true,"href":"https:\/\/ericoglobal.com\/sv\/wp-json\/wp\/v2\/comments?post=45"}],"version-history":[{"count":1,"href":"https:\/\/ericoglobal.com\/sv\/wp-json\/wp\/v2\/pages\/45\/revisions"}],"predecessor-version":[{"id":46,"href":"https:\/\/ericoglobal.com\/sv\/wp-json\/wp\/v2\/pages\/45\/revisions\/46"}],"up":[{"embeddable":true,"href":"https:\/\/ericoglobal.com\/sv\/wp-json\/wp\/v2\/pages\/33"}],"wp:attachment":[{"href":"https:\/\/ericoglobal.com\/sv\/wp-json\/wp\/v2\/media?parent=45"}],"curies":[{"name":"wp","href":"https:\/\/api.w.org\/{rel}","templated":true}]}}