{"id":4,"date":"2024-05-09T12:41:38","date_gmt":"2024-05-09T12:41:38","guid":{"rendered":"https:\/\/ericoglobal.com\/sv\/?p=4"},"modified":"2024-06-06T18:24:19","modified_gmt":"2024-06-06T16:24:19","slug":"typografi","status":"publish","type":"page","link":"https:\/\/ericoglobal.com\/sv\/design-system\/typografi\/","title":{"rendered":"Typografi"},"content":{"rendered":"<h1 class=\"wp-block-post-title\">Typografi<\/h1>\n\n<ul class=\"wp-block-page-list\"><li class=\"wp-block-pages-list__item\"><a class=\"wp-block-pages-list__item__link\" href=\"https:\/\/ericoglobal.com\/sv\/design-system\/design\/\">Design<\/a><\/li><li class=\"wp-block-pages-list__item\"><a class=\"wp-block-pages-list__item__link\" href=\"https:\/\/ericoglobal.com\/sv\/design-system\/kortspel\/\">Kortspel<\/a><\/li><li class=\"wp-block-pages-list__item\"><a class=\"wp-block-pages-list__item__link\" href=\"https:\/\/ericoglobal.com\/sv\/design-system\/media\/\">Media<\/a><\/li><li class=\"wp-block-pages-list__item\"><a class=\"wp-block-pages-list__item__link\" href=\"https:\/\/ericoglobal.com\/sv\/design-system\/monster\/\">M\u00f6nster<\/a><\/li><li class=\"wp-block-pages-list__item\"><a class=\"wp-block-pages-list__item__link\" href=\"https:\/\/ericoglobal.com\/sv\/design-system\/skraddarsydd\/\">Skr\u00e4ddarsydd<\/a><\/li><li class=\"wp-block-pages-list__item\"><a class=\"wp-block-pages-list__item__link\" href=\"https:\/\/ericoglobal.com\/sv\/design-system\/tema\/\">Tema<\/a><\/li><li class=\"wp-block-pages-list__item\"><a class=\"wp-block-pages-list__item__link\" href=\"https:\/\/ericoglobal.com\/sv\/design-system\/typografi\/\">Typografi<\/a><\/li><li class=\"wp-block-pages-list__item\"><a class=\"wp-block-pages-list__item__link\" href=\"https:\/\/ericoglobal.com\/sv\/design-system\/widgets\/\">Widgets<\/a><\/li><\/ul>\n\n\n<hr class=\"wp-block-separator has-alpha-channel-opacity\"\/>\n\n\n\n<p>Introducera nya avsnitt och organisera inneh\u00e5ll f\u00f6r att hj\u00e4lpa bes\u00f6kare (och s\u00f6kmotorer) att f\u00f6rst\u00e5 strukturen p\u00e5 ditt inneh\u00e5ll.<\/p>\n\n\n\n<h3 class=\"wp-block-heading has-xxlarge-font-size\">Rubrik 2xLarge<\/h3>\n\n\n\n<p>Lorem ipsum dolor sit amet, consectetur adipiscing elit. Nulla id tempus odio, eget suscipit purus. Proin vulputate scelerisque viverra. Aliquam accumsan semper sapien.<\/p>\n\n\n\n<h3 class=\"wp-block-heading has-xlarge-font-size\">Rubrik xLarge<\/h3>\n\n\n\n<p>Lorem ipsum dolor sit amet, consectetur adipiscing elit. Nulla id tempus odio, eget suscipit purus. Proin vulputate scelerisque viverra. Aliquam accumsan semper sapien.<\/p>\n\n\n\n<h3 class=\"wp-block-heading has-large-font-size\">Rubrik Stor<\/h3>\n\n\n\n<p>Lorem ipsum dolor sit amet, consectetur adipiscing elit. Nulla id tempus odio, eget suscipit purus. Proin vulputate scelerisque viverra. Aliquam accumsan semper sapien.<\/p>\n\n\n\n<h3 class=\"wp-block-heading has-medium-font-size\">Rubrik Medium<\/h3>\n\n\n\n<p>Lorem ipsum dolor sit amet, consectetur adipiscing elit. Nulla id tempus odio, eget suscipit purus. Proin vulputate scelerisque viverra. Aliquam accumsan semper sapien.<\/p>\n\n\n\n<h3 class=\"wp-block-heading has-small-font-size\">Rubrik liten<\/h3>\n\n\n\n<p>Lorem ipsum dolor sit amet, consectetur adipiscing elit. Nulla id tempus odio, eget suscipit purus. Proin vulputate scelerisque viverra. Aliquam accumsan semper sapien.<\/p>\n\n\n\n<h3 class=\"wp-block-heading has-xsmall-font-size\">Rubrik xSmall<\/h3>\n\n\n\n<p>Lorem ipsum dolor sit amet, consectetur adipiscing elit. Nulla id tempus odio, eget suscipit purus. Proin vulputate scelerisque viverra. Aliquam accumsan semper sapien.<\/p>\n\n\n\n<hr class=\"wp-block-separator has-alpha-channel-opacity\"\/>\n\n\n\n<h2 class=\"wp-block-heading has-large-font-size\">Br\u00f6dtext<\/h2>\n\n\n\n<p>B\u00f6rja med den grundl\u00e4ggande byggstenen i alla ber\u00e4ttelser.<\/p>\n\n\n\n<p>Ut commodo nunc et nulla posuere bibendum. <strong>Nulla dictum<\/strong>, metus nec faucibus ultrices, nisl nisi efficitur orci, nec aliquet ex sem fringilla neque. Nulla eu egestas nulla, et cursus eros. Quisque dignissim libero et augue scelerisque, id fermentum ex gravida. Phasellus quis nunc ut diam egestas hendrerit eu quis dui. <kbd>Proin vitae<\/kbd> Leo Nisl. Nulla felis enim, aliquam sed posuere vitae, semper ut ligula. <em>Duis id aliquet<\/em> urna. Praesent luctus libero et nibh placerat, eu maximus libero fermentum. <mark style=\"background-color:rgba(0, 0, 0, 0)\" class=\"has-inline-color has-luminous-vivid-amber-color\">Vestibulum suscipit<\/mark> cursus metus, id tempor metus tristique nec. <s>Donec venenatis<\/s> diam elit, quis porttitor eros condimentum id. <a href=\"https:\/\/www.example.com\/\">Etiam orci metus<\/a>, viverra non dui vel, vulputate finibus elit. Duis iaculis ac eros p\u00e5 vulputate. <code>Morbi vestibulum<\/code> lorem ante, quis semper turpis dictum vel. Morbi tempor interdum tortor, eu accumsan sapien egestas sed. Fusce ultrices turpis quis dui euismod pellentesque.<\/p>\n\n\n\n<p class=\"has-text-align-center\">Morbi ac sem justo. Morbi consequat risus tellus, sed pharetra lorem mollis vel. In hac habitasse platea dictumst. Vestibulum pulvinar aliquam sapien id consectetur. Nam pharetra lobortis dui eget volutpat. Etiam nunc nunc, aliquet a massa congue, aliquet imperdiet urna. Donec sit amet dui a massa varius consectetur. Donec suscipit, risus quis bibendum lobortis, nunc sapien bibendum velit, gravida convallis tortor magna at massa. Maecenas aliquam arcu pellentesque lorem consequat convallis. Donec eu vehicula ante, blandit consectetur lacus. Aliquam erat volutpat. Vestibulum venenatis ullamcorper diam, quis laoreet quam imperdiet ut. Vivamus est mi, congue quis leo ut, efficitur tempor urna. Praesent nibh eros, dapibus quis mauris ac, pretium tincidunt leo.<\/p>\n\n\n\n<p class=\"has-text-align-right\">Vivamus auctor ornare purus. Duis tincidunt odio in elit vulputate, tincidunt elementum felis mattis. Phasellus placerat sodales risus vitae dapibus. Klass aptent taciti sociosqu ad litora torquent per conubia nostra, per inceptos himenaeos. Etiam sodales ipsum nec nulla facilisis, sit amet lobortis massa pharetra. Proin vitae dui dignissim ante porta porta. Praesent dictum est vehicula ante eleifend, non suscipit diam vulputate.<\/p>\n\n\n\n<p class=\"has-xlarge-font-size\">Paragraf xLarge: Lorem ipsum dolor sit amet, consectetur adipiscing elit. Nulla id tempus odio, eget suscipit purus. Proin vulputate scelerisque viverra. Aliquam accumsan semper sapien.<\/p>\n\n\n\n<p class=\"has-large-font-size\">Paragraf Large: Lorem ipsum dolor sit amet, consectetur adipiscing elit. Nulla id tempus odio, eget suscipit purus. Proin vulputate scelerisque viverra. Aliquam accumsan semper sapien.<\/p>\n\n\n\n<p class=\"has-medium-font-size\">Paragraf Medium: Lorem ipsum dolor sit amet, consectetur adipiscing elit. Nulla id tempus odio, eget suscipit purus. Proin vulputate scelerisque viverra. Aliquam accumsan semper sapien.<\/p>\n\n\n\n<p class=\"has-small-font-size\">Paragraf Liten: Lorem ipsum dolor sit amet, consectetur adipiscing elit. Nulla id tempus odio, eget suscipit purus. Proin vulputate scelerisque viverra. Aliquam accumsan semper sapien.<\/p>\n\n\n\n<hr class=\"wp-block-separator has-alpha-channel-opacity\"\/>\n\n\n\n<h2 class=\"wp-block-heading\">Listor<\/h2>\n\n\n\n<ul class=\"wp-block-list\">\n<li>Niv\u00e5 ett\n<ul class=\"wp-block-list\">\n<li>Niv\u00e5 tv\u00e5<\/li>\n\n\n\n<li>Niv\u00e5 tv\u00e5<\/li>\n<\/ul>\n<\/li>\n\n\n\n<li>Niv\u00e5 ett<\/li>\n\n\n\n<li>Niv\u00e5 ett<\/li>\n<\/ul>\n\n\n\n<ol class=\"wp-block-list\">\n<li>Niv\u00e5 ett\n<ol class=\"wp-block-list\">\n<li>Niv\u00e5 tv\u00e5<\/li>\n\n\n\n<li>Niv\u00e5 tv\u00e5<\/li>\n<\/ol>\n<\/li>\n\n\n\n<li>Niv\u00e5 ett<\/li>\n\n\n\n<li>Niv\u00e5 ett<\/li>\n<\/ol>\n\n\n\n<hr class=\"wp-block-separator has-alpha-channel-opacity\"\/>\n\n\n\n<p>\n\n\n\n<h2 class=\"wp-block-heading\">Citat<\/h2>\n\n\n\n<blockquote class=\"wp-block-quote is-layout-flow wp-block-quote-is-layout-flow\">\n<p>N\u00e4r vi citerar andra citerar vi oss sj\u00e4lva.<\/p>\n<cite>Julio Cort\u00e1zar<\/cite><\/blockquote>\n\n\n\n<hr class=\"wp-block-separator has-alpha-channel-opacity\"\/>\n\n\n\n<h2 class=\"wp-block-heading\">Bord<\/h2>\n\n\n\n<figure class=\"wp-block-table\"><table><thead><tr><th>Kolumn ett, rubriketikett<\/th><th>Kolumn tv\u00e5, rubriketikett<\/th><\/tr><\/thead><tbody><tr><td>Kolumn ett, rad ett<\/td><td>Kolumn tv\u00e5, rad ett<\/td><\/tr><tr><td>Kolumn ett, rad tv\u00e5<\/td><td>Kolumn tv\u00e5, rad tv\u00e5<\/td><\/tr><tr><td>Kolumn ett, rad tre<\/td><td>Kolumn tv\u00e5, rad tre<\/td><\/tr><\/tbody><tfoot><tr><td>Kolumn ett, sidfotsetikett<\/td><td>Kolumn tv\u00e5, sidfotsetikett<\/td><\/tr><\/tfoot><\/table><figcaption class=\"wp-element-caption\">Tabellens rubrik<\/figcaption><\/figure>\n\n\n\n<hr class=\"wp-block-separator has-alpha-channel-opacity\"\/>\n\n\n\n<h2 class=\"wp-block-heading\">Dra citat<\/h2>\n\n\n\n<figure class=\"wp-block-pullquote alignwide\"><blockquote><p>N\u00e4r vi citerar andra citerar vi oss sj\u00e4lva.<\/p><cite>Julio Cort\u00e1zar<\/cite><\/blockquote><\/figure>\n\n\n\n<hr class=\"wp-block-separator has-alpha-channel-opacity\"\/>\n\n\n\n<h2 class=\"wp-block-heading\">Detaljer<\/h2>\n\n\n\n<details class=\"wp-block-details is-layout-flow wp-block-details-is-layout-flow\"><summary>Sammanfattning<\/summary>\n<p>Dold\/avsl\u00f6jad text.<\/p>\n<\/details>\n","protected":false},"excerpt":{"rendered":"<p>Introducera nya avsnitt och organisera inneh\u00e5ll f\u00f6r att hj\u00e4lpa bes\u00f6kare (och s\u00f6kmotorer) att f\u00f6rst\u00e5 strukturen p\u00e5 ditt inneh\u00e5ll. Rubrik 2xLarge Lorem ipsum dolor sit amet, consectetur adipiscing elit. Nulla id tempus odio, eget suscipit purus. Proin vulputate scelerisque viverra. Aliquam accumsan semper sapien. Rubrik xLarge Lorem ipsum dolor sit amet, consectetur adipiscing elit. Nulla id tempus odio, eget suscipit purus. Proin vulputate scelerisque viverra. Aliquam accumsan semper sapien. Rubrik Stor Lorem ipsum dolor sit amet, consectetur adipiscing elit. Nulla id tempus odio, eget suscipit purus. Proin vulputate scelerisque viverra. Aliquam accumsan semper sapien. Rubrik: Medium Lorem ipsum dolor sit amet, [&#8230;]<\/p>\n","protected":false},"author":2,"featured_media":0,"parent":33,"menu_order":0,"comment_status":"open","ping_status":"open","template":"","meta":{"_trash_the_other_posts":false,"editor_notices":[],"footnotes":""},"class_list":["post-4","page","type-page","status-publish","hentry"],"yoast_head":"<!-- This site is optimized with the Yoast SEO plugin v27.5 - https:\/\/yoast.com\/product\/yoast-seo-wordpress\/ -->\n<title>Typografi - Erico (SE)<\/title>\n<meta name=\"robots\" content=\"index, follow, max-snippet:-1, max-image-preview:large, max-video-preview:-1\" \/>\n<link rel=\"canonical\" href=\"https:\/\/ericoglobal.com\/sv\/design-system\/typografi\/\" \/>\n<meta property=\"og:locale\" content=\"sv_SE\" \/>\n<meta property=\"og:type\" content=\"article\" \/>\n<meta property=\"og:title\" content=\"Typografi - Erico (SE)\" \/>\n<meta property=\"og:description\" content=\"Introducera nya avsnitt och organisera inneh\u00e5ll f\u00f6r att hj\u00e4lpa bes\u00f6kare (och s\u00f6kmotorer) att f\u00f6rst\u00e5 strukturen p\u00e5 ditt inneh\u00e5ll. Rubrik 2xLarge Lorem ipsum dolor sit amet, consectetur adipiscing elit. Nulla id tempus odio, eget suscipit purus. Proin vulputate scelerisque viverra. Aliquam accumsan semper sapien. Rubrik xLarge Lorem ipsum dolor sit amet, consectetur adipiscing elit. Nulla id tempus odio, eget suscipit purus. Proin vulputate scelerisque viverra. Aliquam accumsan semper sapien. Rubrik Stor Lorem ipsum dolor sit amet, consectetur adipiscing elit. Nulla id tempus odio, eget suscipit purus. Proin vulputate scelerisque viverra. Aliquam accumsan semper sapien. Rubrik: Medium Lorem ipsum dolor sit amet, [...]\" \/>\n<meta property=\"og:url\" content=\"https:\/\/ericoglobal.com\/sv\/design-system\/typografi\/\" \/>\n<meta property=\"og:site_name\" content=\"Erico (SE)\" \/>\n<meta property=\"article:modified_time\" content=\"2024-06-06T16:24:19+00:00\" \/>\n<meta name=\"twitter:card\" content=\"summary_large_image\" \/>\n<meta name=\"twitter:label1\" content=\"Est. reading time\" \/>\n\t<meta name=\"twitter:data1\" content=\"4 minuter\" \/>\n<script type=\"application\/ld+json\" class=\"yoast-schema-graph\">{\"@context\":\"https:\\\/\\\/schema.org\",\"@graph\":[{\"@type\":\"WebPage\",\"@id\":\"https:\\\/\\\/ericoglobal.com\\\/sv\\\/design-system\\\/typografi\\\/\",\"url\":\"https:\\\/\\\/ericoglobal.com\\\/sv\\\/design-system\\\/typografi\\\/\",\"name\":\"Typografi - Erico (SE)\",\"isPartOf\":{\"@id\":\"https:\\\/\\\/ericoglobal.com\\\/sv\\\/#website\"},\"datePublished\":\"2024-05-09T12:41:38+00:00\",\"dateModified\":\"2024-06-06T16:24:19+00:00\",\"breadcrumb\":{\"@id\":\"https:\\\/\\\/ericoglobal.com\\\/sv\\\/design-system\\\/typografi\\\/#breadcrumb\"},\"inLanguage\":\"sv-SE\",\"potentialAction\":[{\"@type\":\"ReadAction\",\"target\":[\"https:\\\/\\\/ericoglobal.com\\\/sv\\\/design-system\\\/typografi\\\/\"]}]},{\"@type\":\"BreadcrumbList\",\"@id\":\"https:\\\/\\\/ericoglobal.com\\\/sv\\\/design-system\\\/typografi\\\/#breadcrumb\",\"itemListElement\":[{\"@type\":\"ListItem\",\"position\":1,\"name\":\"Home\",\"item\":\"https:\\\/\\\/ericoglobal.com\\\/sv\\\/\"},{\"@type\":\"ListItem\",\"position\":2,\"name\":\"Konstruktionssystem\",\"item\":\"https:\\\/\\\/ericoglobal.com\\\/sv\\\/design-system\\\/\"},{\"@type\":\"ListItem\",\"position\":3,\"name\":\"Typografi\"}]},{\"@type\":\"WebSite\",\"@id\":\"https:\\\/\\\/ericoglobal.com\\\/sv\\\/#website\",\"url\":\"https:\\\/\\\/ericoglobal.com\\\/sv\\\/\",\"name\":\"Erico (SE)\",\"description\":\"\",\"publisher\":{\"@id\":\"https:\\\/\\\/ericoglobal.com\\\/sv\\\/#organization\"},\"potentialAction\":[{\"@type\":\"SearchAction\",\"target\":{\"@type\":\"EntryPoint\",\"urlTemplate\":\"https:\\\/\\\/ericoglobal.com\\\/sv\\\/?s={search_term_string}\"},\"query-input\":{\"@type\":\"PropertyValueSpecification\",\"valueRequired\":true,\"valueName\":\"search_term_string\"}}],\"inLanguage\":\"sv-SE\"},{\"@type\":\"Organization\",\"@id\":\"https:\\\/\\\/ericoglobal.com\\\/sv\\\/#organization\",\"name\":\"Erico (SE)\",\"url\":\"https:\\\/\\\/ericoglobal.com\\\/sv\\\/\",\"logo\":{\"@type\":\"ImageObject\",\"inLanguage\":\"sv-SE\",\"@id\":\"https:\\\/\\\/ericoglobal.com\\\/sv\\\/#\\\/schema\\\/logo\\\/image\\\/\",\"url\":\"https:\\\/\\\/cdn.ericoglobal.com\\\/uploads\\\/sites\\\/3\\\/2024\\\/05\\\/logo_erico-primary_color.svg\",\"contentUrl\":\"https:\\\/\\\/cdn.ericoglobal.com\\\/uploads\\\/sites\\\/3\\\/2024\\\/05\\\/logo_erico-primary_color.svg\",\"width\":76,\"height\":24,\"caption\":\"Erico (SE)\"},\"image\":{\"@id\":\"https:\\\/\\\/ericoglobal.com\\\/sv\\\/#\\\/schema\\\/logo\\\/image\\\/\"}}]}<\/script>\n<!-- \/ Yoast SEO plugin. -->","yoast_head_json":{"title":"Typografi - Erico (SE)","robots":{"index":"index","follow":"follow","max-snippet":"max-snippet:-1","max-image-preview":"max-image-preview:large","max-video-preview":"max-video-preview:-1"},"canonical":"https:\/\/ericoglobal.com\/sv\/design-system\/typografi\/","og_locale":"sv_SE","og_type":"article","og_title":"Typografi - Erico (SE)","og_description":"Introducera nya avsnitt och organisera inneh\u00e5ll f\u00f6r att hj\u00e4lpa bes\u00f6kare (och s\u00f6kmotorer) att f\u00f6rst\u00e5 strukturen p\u00e5 ditt inneh\u00e5ll. Rubrik 2xLarge Lorem ipsum dolor sit amet, consectetur adipiscing elit. Nulla id tempus odio, eget suscipit purus. Proin vulputate scelerisque viverra. Aliquam accumsan semper sapien. Rubrik xLarge Lorem ipsum dolor sit amet, consectetur adipiscing elit. Nulla id tempus odio, eget suscipit purus. Proin vulputate scelerisque viverra. Aliquam accumsan semper sapien. Rubrik Stor Lorem ipsum dolor sit amet, consectetur adipiscing elit. Nulla id tempus odio, eget suscipit purus. Proin vulputate scelerisque viverra. Aliquam accumsan semper sapien. Rubrik: Medium Lorem ipsum dolor sit amet, [...]","og_url":"https:\/\/ericoglobal.com\/sv\/design-system\/typografi\/","og_site_name":"Erico (SE)","article_modified_time":"2024-06-06T16:24:19+00:00","twitter_card":"summary_large_image","twitter_misc":{"Est. reading time":"4 minuter"},"schema":{"@context":"https:\/\/schema.org","@graph":[{"@type":"WebPage","@id":"https:\/\/ericoglobal.com\/sv\/design-system\/typografi\/","url":"https:\/\/ericoglobal.com\/sv\/design-system\/typografi\/","name":"Typografi - Erico (SE)","isPartOf":{"@id":"https:\/\/ericoglobal.com\/sv\/#website"},"datePublished":"2024-05-09T12:41:38+00:00","dateModified":"2024-06-06T16:24:19+00:00","breadcrumb":{"@id":"https:\/\/ericoglobal.com\/sv\/design-system\/typografi\/#breadcrumb"},"inLanguage":"sv-SE","potentialAction":[{"@type":"ReadAction","target":["https:\/\/ericoglobal.com\/sv\/design-system\/typografi\/"]}]},{"@type":"BreadcrumbList","@id":"https:\/\/ericoglobal.com\/sv\/design-system\/typografi\/#breadcrumb","itemListElement":[{"@type":"ListItem","position":1,"name":"Home","item":"https:\/\/ericoglobal.com\/sv\/"},{"@type":"ListItem","position":2,"name":"Konstruktionssystem","item":"https:\/\/ericoglobal.com\/sv\/design-system\/"},{"@type":"ListItem","position":3,"name":"Typografi"}]},{"@type":"WebSite","@id":"https:\/\/ericoglobal.com\/sv\/#website","url":"https:\/\/ericoglobal.com\/sv\/","name":"Erico (SE)","description":"","publisher":{"@id":"https:\/\/ericoglobal.com\/sv\/#organization"},"potentialAction":[{"@type":"SearchAction","target":{"@type":"EntryPoint","urlTemplate":"https:\/\/ericoglobal.com\/sv\/?s={search_term_string}"},"query-input":{"@type":"PropertyValueSpecification","valueRequired":true,"valueName":"search_term_string"}}],"inLanguage":"sv-SE"},{"@type":"Organization","@id":"https:\/\/ericoglobal.com\/sv\/#organization","name":"Erico (SE)","url":"https:\/\/ericoglobal.com\/sv\/","logo":{"@type":"ImageObject","inLanguage":"sv-SE","@id":"https:\/\/ericoglobal.com\/sv\/#\/schema\/logo\/image\/","url":"https:\/\/cdn.ericoglobal.com\/uploads\/sites\/3\/2024\/05\/logo_erico-primary_color.svg","contentUrl":"https:\/\/cdn.ericoglobal.com\/uploads\/sites\/3\/2024\/05\/logo_erico-primary_color.svg","width":76,"height":24,"caption":"Erico (SE)"},"image":{"@id":"https:\/\/ericoglobal.com\/sv\/#\/schema\/logo\/image\/"}}]}},"_links":{"self":[{"href":"https:\/\/ericoglobal.com\/sv\/wp-json\/wp\/v2\/pages\/4","targetHints":{"allow":["GET"]}}],"collection":[{"href":"https:\/\/ericoglobal.com\/sv\/wp-json\/wp\/v2\/pages"}],"about":[{"href":"https:\/\/ericoglobal.com\/sv\/wp-json\/wp\/v2\/types\/page"}],"author":[{"embeddable":true,"href":"https:\/\/ericoglobal.com\/sv\/wp-json\/wp\/v2\/users\/2"}],"replies":[{"embeddable":true,"href":"https:\/\/ericoglobal.com\/sv\/wp-json\/wp\/v2\/comments?post=4"}],"version-history":[{"count":1,"href":"https:\/\/ericoglobal.com\/sv\/wp-json\/wp\/v2\/pages\/4\/revisions"}],"predecessor-version":[{"id":51,"href":"https:\/\/ericoglobal.com\/sv\/wp-json\/wp\/v2\/pages\/4\/revisions\/51"}],"up":[{"embeddable":true,"href":"https:\/\/ericoglobal.com\/sv\/wp-json\/wp\/v2\/pages\/33"}],"wp:attachment":[{"href":"https:\/\/ericoglobal.com\/sv\/wp-json\/wp\/v2\/media?parent=4"}],"curies":[{"name":"wp","href":"https:\/\/api.w.org\/{rel}","templated":true}]}}