{"id":126,"date":"2024-01-09T16:21:12","date_gmt":"2024-01-09T15:21:12","guid":{"rendered":"https:\/\/ericoglobal.com\/sv\/sustainability\/"},"modified":"2025-02-11T18:40:09","modified_gmt":"2025-02-11T17:40:09","slug":"hallbarhet","status":"publish","type":"page","link":"https:\/\/ericoglobal.com\/sv\/hallbarhet\/","title":{"rendered":"H\u00e5llbarhet"},"content":{"rendered":"\n<div class=\"wp-block-cover alignfull is-light is-style-hero--overlap\" style=\"min-height:824px;aspect-ratio:unset;\"><span aria-hidden=\"true\" class=\"wp-block-cover__background has-black-background-color has-background-dim\"><\/span><img loading=\"lazy\" decoding=\"async\" width=\"2000\" height=\"1500\" src=\"https:\/\/cdn.ericoglobal.com\/uploads\/sites\/3\/2024\/05\/erico-sustainability.jpg\" class=\"wp-block-cover__image-background wp-post-image\" alt=\"\" data-object-fit=\"cover\" srcset=\"https:\/\/cdn.ericoglobal.com\/uploads\/sites\/3\/2024\/05\/erico-sustainability.jpg 2000w, https:\/\/cdn.ericoglobal.com\/uploads\/sites\/3\/2024\/05\/erico-sustainability-300x225.jpg 300w, https:\/\/cdn.ericoglobal.com\/uploads\/sites\/3\/2024\/05\/erico-sustainability-1024x768.jpg 1024w, https:\/\/cdn.ericoglobal.com\/uploads\/sites\/3\/2024\/05\/erico-sustainability-768x576.jpg 768w, https:\/\/cdn.ericoglobal.com\/uploads\/sites\/3\/2024\/05\/erico-sustainability-1536x1152.jpg 1536w\" sizes=\"auto, (max-width: 2000px) 100vw, 2000px\" \/><div class=\"wp-block-cover__inner-container has-global-padding is-layout-constrained wp-block-cover-is-layout-constrained\">\n<p class=\"has-text-align-center has-large-font-size\"><\/p>\n<\/div><\/div>\n\n\n\n<div class=\"wp-block-group alignwide is-style-cover-text-container has-base-white-background-color has-background has-global-padding is-layout-constrained wp-block-group-is-layout-constrained\" style=\"padding-top:var(--wp--preset--spacing--2-xl);padding-bottom:var(--wp--preset--spacing--2-xl)\">\n<h1 class=\"wp-block-heading has-text-align-center has-xxlarge-font-size\">Noll avfall, noll skador<\/h1>\n\n\n\n<p class=\"has-text-align-center has-large-font-size\"><strong>H\u00e5llbarhet har varit centralt i v\u00e5r verksamhet i \u00f6ver 30 \u00e5r.<\/strong> Vi arbetar f\u00f6r h\u00e5llbarhet genom att vara en del i v\u00e4rldens st\u00f6rsta \u00f6ppna pallpool, d\u00e4r vi prioriterar upph\u00e4mtning, reparation och \u00e5teranv\u00e4ndning av pallar och tr\u00e4emballage och ser till att enheter p\u00e5 effektivast m\u00f6jliga s\u00e4tt flyttas dit de beh\u00f6vs.<\/p>\n<\/div>\n\n\n\n<div class=\"wp-block-columns alignwide is-layout-flex wp-container-core-columns-is-layout-28f84493 wp-block-columns-is-layout-flex\">\n<div class=\"wp-block-column is-vertically-aligned-center is-layout-flow wp-block-column-is-layout-flow\" style=\"flex-basis:60%\">\n<h2 class=\"wp-block-heading has-medium-font-size\">Bra f\u00f6r den <em>cirkul\u00e4ra<\/em> ekonomin<\/h2>\n\n\n\n<p>Den cirkul\u00e4ra ekonomin bygger p\u00e5 principen att material aldrig blir avfall och att produkter och material blir kvar i omlopp genom att \u00e5teranv\u00e4ndas, delas, repareras och \u00e5tervinnas. Det blir ett slutet kretslopp, d\u00e4r vi inte sl\u00f6sar med v\u00e5ra naturresurser utan i st\u00e4llet minskar avfallsm\u00e4ngderna, f\u00f6roreningarna och koldioxidutsl\u00e4ppen.<\/p>\n\n\n\n<p>Det \u00e4r det vi kallar <em>Ericomodellen<\/em>, grundstenen i v\u00e5r verksamhet och aff\u00e4rsid\u00e9 med tydliga f\u00f6rdelar f\u00f6r alla kunder, liksom f\u00f6r samh\u00e4llet och milj\u00f6n runtomkring oss. <\/p>\n\n\n\n<ul class=\"wp-block-list\">\n<li><strong>Bra f\u00f6r ditt f\u00f6retag:<\/strong> Genom att ing\u00e5 i den cirkul\u00e4ra ekonomin kan du hj\u00e4lpa dina kunder att uppfylla sina milj\u00f6m\u00e5l och bygga upp starkare kundrelationer.<\/li>\n\n\n\n<li><strong>Bra f\u00f6r milj\u00f6n:<\/strong> Om vi utnyttjar alla produkter till max minskar vi behovet av nya r\u00e5varor.<\/li>\n\n\n\n<li><strong>Bra f\u00f6r l\u00f6nsamheten:<\/strong> Genom att \u00e5teranv\u00e4nda pallar och tr\u00e4emballage beh\u00f6ver inte lika mycket material k\u00f6pas in, vilket inneb\u00e4r minskade kostnader.<\/li>\n\n\n\n<li><strong>Bra f\u00f6r h\u00e5llbarheten:<\/strong> Leveranskedjorna blir mer h\u00e5llbara och flexibla n\u00e4r kunderna kan dra nytta av v\u00e5rt gemensamma n\u00e4tverk, d\u00e4r vi \u00e5teranv\u00e4nder pallar som redan \u00e4r i omlopp, samtidigt som f\u00f6rs\u00f6rjningen \u00e4r snabb och smidig och inte orsakar n\u00e5gra avbrott i verksamheten.<\/li>\n<\/ul>\n<\/div>\n\n\n\n<div class=\"wp-block-column is-vertically-aligned-center is-layout-flow wp-block-column-is-layout-flow\" style=\"flex-basis:40%\">\n<div class=\"wp-block-group has-global-padding is-layout-constrained wp-block-group-is-layout-constrained\">\n<div class=\"wp-block-gb-lottiefiles\" style=\"background-color:transparent\"><\/div>\n<\/div>\n<\/div>\n<\/div>\n\n\n\n<div class=\"wp-block-columns alignwide is-layout-flex wp-container-core-columns-is-layout-28f84493 wp-block-columns-is-layout-flex\">\n<div class=\"wp-block-column is-vertically-aligned-stretch is-layout-flow wp-block-column-is-layout-flow\" style=\"flex-basis:40%\">\n<article class=\"wp-block-cover c-cover--stat is-style-staggered-left\"><span aria-hidden=\"true\" class=\"wp-block-cover__background has-background-dim-0 has-background-dim\"><\/span><img decoding=\"async\" class=\"wp-block-cover__image-background wp-image-457\" alt=\"\" src=\"https:\/\/cdn.ericoglobal.com\/uploads\/2024\/02\/erico-pallets-recovered.jpg\" data-object-fit=\"cover\" \/><div class=\"wp-block-cover__inner-container is-layout-flow wp-block-cover-is-layout-flow\">\n<section class=\"wp-block-erico-global-card c-card c-card--stat has-brand-primary-background-color has-background\"><div class=\"wp-block-safe-svg-svg-icon safe-svg-cover\" style=\"text-align: left;\">\n\t\t\t\t<div class=\"safe-svg-inside safe-svg-inline\" style=\"width: 128px; height: 128px; background-color: var(--wp--preset--color--); color: var(--wp--preset--color--); padding-top: ; padding-right: ; padding-bottom: ; padding-left: ; margin-top: ; margin-right: ; margin-bottom: ; margin-left: ;\"><?xml version=\"1.0\" encoding=\"utf-8\"?>\n<svg xmlns=\"http:\/\/www.w3.org\/2000\/svg\" xmlns:xlink=\"http:\/\/www.w3.org\/1999\/xlink\" viewBox=\"0 0 192 187.7\" xml:space=\"preserve\">\n<path d=\"M72.4,13.2C77.3,5.3,86.3,0,96,0c9.4,0,18.4,5.3,23.2,13.2l29.2,48.4l4.1-20.4c0.7-3,3.7-5.3,7.1-4.5c3,0.7,5.2,3.8,4.5,7.2\n\tl-7.1,35.5c-0.4,1.9-1.5,3-3,4.2c-1.5,0.7-3.4,1.1-4.9,0.4l-34.1-11.3c-3.4-1.1-4.9-4.5-4.1-7.9c1.1-3,4.5-4.5,7.9-3.8l18.7,6.4\n\tl-28.5-47.6c-3-4.5-7.9-7.6-13.1-7.6c-5.6,0-10.5,3-13.1,7.6L70.9,39c-1.5,3-5.2,3.8-7.9,2.2c-3-1.9-3.7-5.7-2.2-8.3L72.4,13.2z\n\t M163.1,97.5c2.6-1.5,6.4-0.7,8.2,2.2l17.2,28.3c1.9,3.8,3,7.9,3.4,12.1c0,12.9-10.5,23.4-23.2,23.4h-69l15,13.6\n\tc2.6,1.9,2.6,6,0.4,8.3c-1.9,2.7-6,2.7-8.2,0.4l-27-24.2c-1.5-1.1-2.2-2.7-2.2-4.5c0-1.5,0.7-3,2.2-4.5l27-24.2\n\tc2.2-1.9,6.4-1.9,8.2,0.7c2.2,2.2,2.2,6-0.4,8.3l-15,13.6h69c6.4,0,11.2-4.9,11.2-10.9c0-1.9-0.7-4.2-1.9-5.7l-17.2-28.7\n\tC159.4,103.2,160.1,99.4,163.1,97.5z M50.6,97.5l-3.7-18.1l-33.4,55.2c-1.1,1.5-1.5,3.4-1.5,5.7c-0.4,6,4.9,10.9,10.9,10.9H54\n\tc3,0,6,3,6,6c0,3.4-3,6-6,6H22.9c-12.7,0-23.2-10.2-22.9-23.1c0-4.5,1.1-8.3,3-12.1l34.9-57.4l-21,7.2c-3.4,1.1-6.7-0.7-7.9-3.8\n\tc-0.7-3,0.7-6.8,4.1-7.6l34.1-11.7c1.5-0.4,3.4-0.4,4.9,0.7c1.5,0.7,2.6,2.2,3,3.8l7.1,35.9c0.7,3-1.5,6.4-4.5,6.8\n\tC54.4,102.8,51.4,100.9,50.6,97.5z\" fill=\"currentColor\"\/>\n<\/svg>\n<\/div>\n\t\t\t<\/div>\n\n\n<div class=\"wp-block-group c-card__body is-layout-flow wp-block-group-is-layout-flow\">\n<h2 class=\"wp-block-heading has-xlarge-font-size\">52.8 miljoner<\/h2>\n\n\n\n<p class=\"c-card__description has-xlarge-font-size\">pallar har h\u00e4mtats upp och f\u00f6rts tillbaka i sektorn<\/p>\n<\/div>\n<\/section>\n<\/div><\/article>\n<\/div>\n\n\n\n<div class=\"wp-block-column is-vertically-aligned-center is-layout-flow wp-block-column-is-layout-flow\" style=\"flex-basis:60%\">\n<h2 class=\"wp-block-heading has-medium-font-size\">Noll avfall<\/h2>\n\n\n\n<p>V\u00e5r aff\u00e4rsid\u00e9 g\u00e5r ut p\u00e5 att h\u00e4mta, laga och skicka ut miljontals pallar och tr\u00e4emballage f\u00f6r \u00e5teranv\u00e4ndning varje \u00e5r. Det \u00e4r grunden i den cirkul\u00e4ra ekonomin, och vi g\u00e5r ett steg l\u00e4ngre genom att ta hand om alla funktionsdugliga delar fr\u00e5n pallar som inte l\u00e4ngre \u00e4r kommersiellt g\u00e5ngbara och anv\u00e4nda dem f\u00f6r att laga andra pallar.<\/p>\n\n\n\n<p>P\u00e5 s\u00e5 s\u00e4tt beh\u00f6ver vi inte lika mycket nytt virke. Nytt virke utg\u00f6r mindre \u00e4n en procent av alla v\u00e5ra reparerade enheter. Koldioxidutsl\u00e4ppen, som produktion och transporter av nytt virke ger upphov till, har d\u00e4rmed kunnat minskas drastiskt.<\/p>\n\n\n\n<p>Allt virke som inte kan \u00e5teranv\u00e4ndas \u00e5tervinns och anv\u00e4nds i framst\u00e4llningen av sp\u00e5nplattor eller av energi fr\u00e5n biomassa. \u00c4ven metall \u00e5tervinns f\u00f6r framtida bruk.<\/p>\n<\/div>\n<\/div>\n\n\n\n<div class=\"wp-block-columns alignwide is-layout-flex wp-container-core-columns-is-layout-28f84493 wp-block-columns-is-layout-flex\">\n<div class=\"wp-block-column is-vertically-aligned-center is-layout-flow wp-block-column-is-layout-flow\" style=\"flex-basis:60%\">\n<h2 class=\"wp-block-heading has-medium-font-size\">Inga skador<\/h2>\n\n\n\n<p>Att vara en ansvarsfull samarbetspartner inneb\u00e4r ocks\u00e5 att vi har en nollvision n\u00e4r det g\u00e4ller skador f\u00f6r v\u00e5ra kunder och kolleger, samtidigt som vi bidrar med n\u00e5got gott till samh\u00e4llena runtomkring oss.<\/p>\n\n\n\n<p>Omtanke f\u00f6r v\u00e5r personal och samh\u00e4llet och milj\u00f6n runtomkring oss \u00e4r en f\u00f6ruts\u00e4ttning f\u00f6r att vi ska kunna skapa h\u00e5llbara leveranskedjor. Alla har r\u00e4tt att k\u00e4nna sig trygga p\u00e5 sin arbetsplats vilket g\u00f6r v\u00e5r nollvision om skador till en prioriterad fr\u00e5ga. Alla har \u00e4ven r\u00e4tt att leva i ett samh\u00e4lle som man respekterar och tar ansvar f\u00f6r vilket inneb\u00e4r att vi \u00e4ven har en nollvision vad g\u00e4ller milj\u00f6skador.<\/p>\n<\/div>\n\n\n\n<div class=\"wp-block-column is-vertically-aligned-center is-layout-flow wp-block-column-is-layout-flow\" style=\"flex-basis:40%\">\n<article class=\"wp-block-cover c-cover--stat is-style-staggered-right\"><span aria-hidden=\"true\" class=\"wp-block-cover__background has-background-dim-0 has-background-dim\"><\/span><img decoding=\"async\" class=\"wp-block-cover__image-background wp-image-455\" alt=\"\" src=\"https:\/\/cdn.ericoglobal.com\/uploads\/2024\/02\/erico-land-saved.jpg\" style=\"object-position:50% 100%\" data-object-fit=\"cover\" data-object-position=\"50% 100%\" \/><div class=\"wp-block-cover__inner-container is-layout-flow wp-block-cover-is-layout-flow\">\n<section class=\"wp-block-erico-global-card c-card c-card--stat has-brand-light-background-color has-background\"><div class=\"wp-block-safe-svg-svg-icon safe-svg-cover\" style=\"text-align: left;\">\n\t\t\t\t<div class=\"safe-svg-inside safe-svg-inline\" style=\"width: 128px; height: 105px; background-color: var(--wp--preset--color--); color: var(--wp--preset--color--); padding-top: ; padding-right: ; padding-bottom: ; padding-left: ; margin-top: ; margin-right: ; margin-bottom: ; margin-left: ;\"><?xml version=\"1.0\" encoding=\"UTF-8\"?> <svg xmlns=\"http:\/\/www.w3.org\/2000\/svg\" id=\"b\" width=\"54\" height=\"48\" viewBox=\"0 0 54 48\"><g id=\"c\"><path d=\"M5.17,17.85l-.44.22c-1.06.53-1.73,1.61-1.73,2.8,0,1.73,1.41,3.13,3.13,3.13h.17c1.39-6.84,7.44-12,14.7-12h14.4c1.89-1.86,4.49-3,7.35-3h.26c1.99,0,3.43,1.9,2.89,3.83l-.67,2.34c1.96,1.53,3.52,3.52,4.53,5.83h1.25c1.66,0,3,1.34,3,3v9c0,1.66-1.34,3-3,3h-3c-1.55,2.06-3.61,3.71-6,4.75v2.75c0,2.48-2.02,4.5-4.5,4.5h-3c-2.48,0-4.5-2.02-4.5-4.5v-1.5h-6v1.5c0,2.48-2.02,4.5-4.5,4.5h-3c-2.48,0-4.5-2.02-4.5-4.5v-4.5c-3.64-2.74-6-7.09-6-12-3.33-.07-6-2.78-6-6.13,0-2.32,1.31-4.45,3.39-5.49l.44-.23c.74-.37,1.65-.07,2.02.68.37.74.07,1.64-.68,2.02h0ZM37.15,14.5c-.28.32-.68.5-1.12.5h-15.04c-6.63,0-12,5.37-12,12,0,4.16,2.12,7.83,5.33,9.98.41.28.67.75.67,1.25v5.27c0,.83.67,1.5,1.5,1.5h3c.83,0,1.5-.67,1.5-1.5v-3c0-.83.67-1.5,1.5-1.5h9c.83,0,1.5.67,1.5,1.5v3c0,.83.67,1.5,1.5,1.5h3c.83,0,1.5-.67,1.5-1.5v-3.77c0-.64.4-1.2,1-1.42,2.46-.86,4.56-2.51,5.98-4.65.28-.41.75-.67,1.25-.67h3.77v-9h-2.26c-.64,0-1.2-.4-1.42-1-.87-2.46-2.52-4.56-4.66-5.98-.54-.37-.79-1.03-.61-1.66l.96-3.36h-.26c-2.22,0-4.22.97-5.59,2.5h0ZM18.09,9.25c-.13.82-.91,1.36-1.73,1.23-.82-.13-1.37-.91-1.23-1.73C15.98,3.79,20.3,0,25.5,0c4.58,0,8.47,2.92,9.91,7,.27.78-.14,1.64-.92,1.91-.78.27-1.64-.14-1.91-.92-1.03-2.92-3.82-5-7.08-5-3.71,0-6.8,2.7-7.41,6.25ZM37.5,24.75c0-1.24,1.01-2.25,2.25-2.25s2.25,1.01,2.25,2.25-1.01,2.25-2.25,2.25-2.25-1.01-2.25-2.25Z\" fill=\"currentColor\" stroke-width=\"0\"><\/path><\/g><\/svg> <\/div>\n\t\t\t<\/div>\n\n\n<div class=\"wp-block-group c-card__body is-layout-flow wp-block-group-is-layout-flow\">\n<h2 class=\"wp-block-heading has-xlarge-font-size\">343<\/h2>\n\n\n\n<p class=\"c-card__description has-xlarge-font-size\">kvadratkilometer naturmark r\u00e4ddad<\/p>\n<\/div>\n<\/section>\n<\/div><\/article>\n<\/div>\n<\/div>\n\n\n\n<section class=\"wp-block-cover alignwide has-custom-content-position is-position-center-left c-card c-card--action\"><span aria-hidden=\"true\" class=\"wp-block-cover__background has-black-background-color has-background-dim-30 has-background-dim\"><\/span><img decoding=\"async\" class=\"wp-block-cover__image-background wp-image-639\" alt=\"\" src=\"https:\/\/cdn.ericoglobal.com\/uploads\/2024\/03\/mountain-background-image.webp\" data-object-fit=\"cover\" \/><div class=\"wp-block-cover__inner-container is-layout-flow wp-block-cover-is-layout-flow\">\n<h2 class=\"wp-block-heading has-xlarge-font-size\">Tillsammans klarar vi det.<\/h2>\n\n\n\n<div class=\"wp-block-buttons is-layout-flex wp-block-buttons-is-layout-flex\">\n<div class=\"wp-block-button\"><a class=\"wp-block-button__link wp-element-button\" href=\"https:\/\/ericoglobal.com\/sv\/kontakt\/\">Kontakta oss<\/a><\/div>\n<\/div>\n<\/div><\/section>\n","protected":false},"excerpt":{"rendered":"<p>Zero Waste, Zero Harm V\u00e5rt engagemang f\u00f6r h\u00e5llbarhet har varit k\u00e4rnan i v\u00e5r verksamhet i \u00f6ver 30 \u00e5r. Det g\u00f6r vi genom att vara en del av v\u00e4rldens st\u00f6rsta \u00f6ppna pallpool, prioritera insamling, rekonditionering och \u00e5teranv\u00e4ndning av pallar och tr\u00e4emballage, vilket s\u00e4kerst\u00e4ller att enheterna flyttas dit de beh\u00f6vs p\u00e5 ett s\u00e5 effektivt s\u00e4tt som m\u00f6jligt. Att driva den cirkul\u00e4ra ekonomin Den cirkul\u00e4ra ekonomin bygger p\u00e5 principen att material aldrig blir avfall och att produkter och material h\u00e5lls i omlopp genom att de \u00e5teranv\u00e4nds, delas, rekonditioneras och \u00e5tervinns. Detta skapar ett slutet system, vilket minskar belastningen p\u00e5 [&#8230;]<\/p>\n","protected":false},"author":2,"featured_media":128,"parent":0,"menu_order":0,"comment_status":"closed","ping_status":"closed","template":"","meta":{"_trash_the_other_posts":false,"editor_notices":[],"footnotes":""},"class_list":["post-126","page","type-page","status-publish","has-post-thumbnail","hentry"],"yoast_head":"<!-- This site is optimized with the Yoast SEO plugin v27.2 - https:\/\/yoast.com\/product\/yoast-seo-wordpress\/ -->\n<title>H\u00e5llbarhet - Erico (SE)<\/title>\n<meta name=\"robots\" content=\"index, follow, max-snippet:-1, max-image-preview:large, max-video-preview:-1\" \/>\n<link rel=\"canonical\" href=\"https:\/\/ericoglobal.com\/sv\/hallbarhet\/\" \/>\n<meta property=\"og:locale\" content=\"sv_SE\" \/>\n<meta property=\"og:type\" content=\"article\" \/>\n<meta property=\"og:title\" content=\"H\u00e5llbarhet - Erico (SE)\" \/>\n<meta property=\"og:description\" content=\"Zero Waste, Zero Harm V\u00e5rt engagemang f\u00f6r h\u00e5llbarhet har varit k\u00e4rnan i v\u00e5r verksamhet i \u00f6ver 30 \u00e5r. Det g\u00f6r vi genom att vara en del av v\u00e4rldens st\u00f6rsta \u00f6ppna pallpool, prioritera insamling, rekonditionering och \u00e5teranv\u00e4ndning av pallar och tr\u00e4emballage, vilket s\u00e4kerst\u00e4ller att enheterna flyttas dit de beh\u00f6vs p\u00e5 ett s\u00e5 effektivt s\u00e4tt som m\u00f6jligt. Att driva den cirkul\u00e4ra ekonomin Den cirkul\u00e4ra ekonomin bygger p\u00e5 principen att material aldrig blir avfall och att produkter och material h\u00e5lls i omlopp genom att de \u00e5teranv\u00e4nds, delas, rekonditioneras och \u00e5tervinns. Detta skapar ett slutet system, vilket minskar belastningen p\u00e5 [...]\" \/>\n<meta property=\"og:url\" content=\"https:\/\/ericoglobal.com\/sv\/hallbarhet\/\" \/>\n<meta property=\"og:site_name\" content=\"Erico (SE)\" \/>\n<meta property=\"article:modified_time\" content=\"2025-02-11T17:40:09+00:00\" \/>\n<meta property=\"og:image\" content=\"https:\/\/cdn.ericoglobal.com\/uploads\/sites\/3\/2024\/05\/erico-sustainability.jpg\" \/>\n\t<meta property=\"og:image:width\" content=\"2000\" \/>\n\t<meta property=\"og:image:height\" content=\"1500\" \/>\n\t<meta property=\"og:image:type\" content=\"image\/jpeg\" \/>\n<meta name=\"twitter:card\" content=\"summary_large_image\" \/>\n<meta name=\"twitter:label1\" content=\"Est. reading time\" \/>\n\t<meta name=\"twitter:data1\" content=\"4 minuter\" \/>\n<script type=\"application\/ld+json\" class=\"yoast-schema-graph\">{\"@context\":\"https:\/\/schema.org\",\"@graph\":[{\"@type\":\"WebPage\",\"@id\":\"https:\/\/ericoglobal.com\/sv\/hallbarhet\/\",\"url\":\"https:\/\/ericoglobal.com\/sv\/hallbarhet\/\",\"name\":\"H\u00e5llbarhet - Erico (SE)\",\"isPartOf\":{\"@id\":\"https:\/\/ericoglobal.com\/sv\/#website\"},\"primaryImageOfPage\":{\"@id\":\"https:\/\/ericoglobal.com\/sv\/hallbarhet\/#primaryimage\"},\"image\":{\"@id\":\"https:\/\/ericoglobal.com\/sv\/hallbarhet\/#primaryimage\"},\"thumbnailUrl\":\"https:\/\/cdn.ericoglobal.com\/uploads\/sites\/3\/2024\/05\/erico-sustainability.jpg\",\"datePublished\":\"2024-01-09T15:21:12+00:00\",\"dateModified\":\"2025-02-11T17:40:09+00:00\",\"breadcrumb\":{\"@id\":\"https:\/\/ericoglobal.com\/sv\/hallbarhet\/#breadcrumb\"},\"inLanguage\":\"sv-SE\",\"potentialAction\":[{\"@type\":\"ReadAction\",\"target\":[\"https:\/\/ericoglobal.com\/sv\/hallbarhet\/\"]}]},{\"@type\":\"ImageObject\",\"inLanguage\":\"sv-SE\",\"@id\":\"https:\/\/ericoglobal.com\/sv\/hallbarhet\/#primaryimage\",\"url\":\"https:\/\/cdn.ericoglobal.com\/uploads\/sites\/3\/2024\/05\/erico-sustainability.jpg\",\"contentUrl\":\"https:\/\/cdn.ericoglobal.com\/uploads\/sites\/3\/2024\/05\/erico-sustainability.jpg\",\"width\":2000,\"height\":1500},{\"@type\":\"BreadcrumbList\",\"@id\":\"https:\/\/ericoglobal.com\/sv\/hallbarhet\/#breadcrumb\",\"itemListElement\":[{\"@type\":\"ListItem\",\"position\":1,\"name\":\"Home\",\"item\":\"https:\/\/ericoglobal.com\/sv\/\"},{\"@type\":\"ListItem\",\"position\":2,\"name\":\"H\u00e5llbarhet\"}]},{\"@type\":\"WebSite\",\"@id\":\"https:\/\/ericoglobal.com\/sv\/#website\",\"url\":\"https:\/\/ericoglobal.com\/sv\/\",\"name\":\"Erico (SE)\",\"description\":\"\",\"publisher\":{\"@id\":\"https:\/\/ericoglobal.com\/sv\/#organization\"},\"potentialAction\":[{\"@type\":\"SearchAction\",\"target\":{\"@type\":\"EntryPoint\",\"urlTemplate\":\"https:\/\/ericoglobal.com\/sv\/?s={search_term_string}\"},\"query-input\":{\"@type\":\"PropertyValueSpecification\",\"valueRequired\":true,\"valueName\":\"search_term_string\"}}],\"inLanguage\":\"sv-SE\"},{\"@type\":\"Organization\",\"@id\":\"https:\/\/ericoglobal.com\/sv\/#organization\",\"name\":\"Erico (SE)\",\"url\":\"https:\/\/ericoglobal.com\/sv\/\",\"logo\":{\"@type\":\"ImageObject\",\"inLanguage\":\"sv-SE\",\"@id\":\"https:\/\/ericoglobal.com\/sv\/#\/schema\/logo\/image\/\",\"url\":\"https:\/\/cdn.ericoglobal.com\/uploads\/sites\/3\/2024\/05\/logo_erico-primary_color.svg\",\"contentUrl\":\"https:\/\/cdn.ericoglobal.com\/uploads\/sites\/3\/2024\/05\/logo_erico-primary_color.svg\",\"width\":76,\"height\":24,\"caption\":\"Erico (SE)\"},\"image\":{\"@id\":\"https:\/\/ericoglobal.com\/sv\/#\/schema\/logo\/image\/\"}}]}<\/script>\n<!-- \/ Yoast SEO plugin. -->","yoast_head_json":{"title":"H\u00e5llbarhet - Erico (SE)","robots":{"index":"index","follow":"follow","max-snippet":"max-snippet:-1","max-image-preview":"max-image-preview:large","max-video-preview":"max-video-preview:-1"},"canonical":"https:\/\/ericoglobal.com\/sv\/hallbarhet\/","og_locale":"sv_SE","og_type":"article","og_title":"H\u00e5llbarhet - Erico (SE)","og_description":"Zero Waste, Zero Harm V\u00e5rt engagemang f\u00f6r h\u00e5llbarhet har varit k\u00e4rnan i v\u00e5r verksamhet i \u00f6ver 30 \u00e5r. Det g\u00f6r vi genom att vara en del av v\u00e4rldens st\u00f6rsta \u00f6ppna pallpool, prioritera insamling, rekonditionering och \u00e5teranv\u00e4ndning av pallar och tr\u00e4emballage, vilket s\u00e4kerst\u00e4ller att enheterna flyttas dit de beh\u00f6vs p\u00e5 ett s\u00e5 effektivt s\u00e4tt som m\u00f6jligt. Att driva den cirkul\u00e4ra ekonomin Den cirkul\u00e4ra ekonomin bygger p\u00e5 principen att material aldrig blir avfall och att produkter och material h\u00e5lls i omlopp genom att de \u00e5teranv\u00e4nds, delas, rekonditioneras och \u00e5tervinns. Detta skapar ett slutet system, vilket minskar belastningen p\u00e5 [...]","og_url":"https:\/\/ericoglobal.com\/sv\/hallbarhet\/","og_site_name":"Erico (SE)","article_modified_time":"2025-02-11T17:40:09+00:00","og_image":[{"width":2000,"height":1500,"url":"https:\/\/cdn.ericoglobal.com\/uploads\/sites\/3\/2024\/05\/erico-sustainability.jpg","type":"image\/jpeg"}],"twitter_card":"summary_large_image","twitter_misc":{"Est. reading time":"4 minuter"},"schema":{"@context":"https:\/\/schema.org","@graph":[{"@type":"WebPage","@id":"https:\/\/ericoglobal.com\/sv\/hallbarhet\/","url":"https:\/\/ericoglobal.com\/sv\/hallbarhet\/","name":"H\u00e5llbarhet - Erico (SE)","isPartOf":{"@id":"https:\/\/ericoglobal.com\/sv\/#website"},"primaryImageOfPage":{"@id":"https:\/\/ericoglobal.com\/sv\/hallbarhet\/#primaryimage"},"image":{"@id":"https:\/\/ericoglobal.com\/sv\/hallbarhet\/#primaryimage"},"thumbnailUrl":"https:\/\/cdn.ericoglobal.com\/uploads\/sites\/3\/2024\/05\/erico-sustainability.jpg","datePublished":"2024-01-09T15:21:12+00:00","dateModified":"2025-02-11T17:40:09+00:00","breadcrumb":{"@id":"https:\/\/ericoglobal.com\/sv\/hallbarhet\/#breadcrumb"},"inLanguage":"sv-SE","potentialAction":[{"@type":"ReadAction","target":["https:\/\/ericoglobal.com\/sv\/hallbarhet\/"]}]},{"@type":"ImageObject","inLanguage":"sv-SE","@id":"https:\/\/ericoglobal.com\/sv\/hallbarhet\/#primaryimage","url":"https:\/\/cdn.ericoglobal.com\/uploads\/sites\/3\/2024\/05\/erico-sustainability.jpg","contentUrl":"https:\/\/cdn.ericoglobal.com\/uploads\/sites\/3\/2024\/05\/erico-sustainability.jpg","width":2000,"height":1500},{"@type":"BreadcrumbList","@id":"https:\/\/ericoglobal.com\/sv\/hallbarhet\/#breadcrumb","itemListElement":[{"@type":"ListItem","position":1,"name":"Home","item":"https:\/\/ericoglobal.com\/sv\/"},{"@type":"ListItem","position":2,"name":"H\u00e5llbarhet"}]},{"@type":"WebSite","@id":"https:\/\/ericoglobal.com\/sv\/#website","url":"https:\/\/ericoglobal.com\/sv\/","name":"Erico (SE)","description":"","publisher":{"@id":"https:\/\/ericoglobal.com\/sv\/#organization"},"potentialAction":[{"@type":"SearchAction","target":{"@type":"EntryPoint","urlTemplate":"https:\/\/ericoglobal.com\/sv\/?s={search_term_string}"},"query-input":{"@type":"PropertyValueSpecification","valueRequired":true,"valueName":"search_term_string"}}],"inLanguage":"sv-SE"},{"@type":"Organization","@id":"https:\/\/ericoglobal.com\/sv\/#organization","name":"Erico (SE)","url":"https:\/\/ericoglobal.com\/sv\/","logo":{"@type":"ImageObject","inLanguage":"sv-SE","@id":"https:\/\/ericoglobal.com\/sv\/#\/schema\/logo\/image\/","url":"https:\/\/cdn.ericoglobal.com\/uploads\/sites\/3\/2024\/05\/logo_erico-primary_color.svg","contentUrl":"https:\/\/cdn.ericoglobal.com\/uploads\/sites\/3\/2024\/05\/logo_erico-primary_color.svg","width":76,"height":24,"caption":"Erico (SE)"},"image":{"@id":"https:\/\/ericoglobal.com\/sv\/#\/schema\/logo\/image\/"}}]}},"_links":{"self":[{"href":"https:\/\/ericoglobal.com\/sv\/wp-json\/wp\/v2\/pages\/126","targetHints":{"allow":["GET"]}}],"collection":[{"href":"https:\/\/ericoglobal.com\/sv\/wp-json\/wp\/v2\/pages"}],"about":[{"href":"https:\/\/ericoglobal.com\/sv\/wp-json\/wp\/v2\/types\/page"}],"author":[{"embeddable":true,"href":"https:\/\/ericoglobal.com\/sv\/wp-json\/wp\/v2\/users\/2"}],"replies":[{"embeddable":true,"href":"https:\/\/ericoglobal.com\/sv\/wp-json\/wp\/v2\/comments?post=126"}],"version-history":[{"count":37,"href":"https:\/\/ericoglobal.com\/sv\/wp-json\/wp\/v2\/pages\/126\/revisions"}],"predecessor-version":[{"id":344,"href":"https:\/\/ericoglobal.com\/sv\/wp-json\/wp\/v2\/pages\/126\/revisions\/344"}],"wp:featuredmedia":[{"embeddable":true,"href":"https:\/\/ericoglobal.com\/sv\/wp-json\/wp\/v2\/media\/128"}],"wp:attachment":[{"href":"https:\/\/ericoglobal.com\/sv\/wp-json\/wp\/v2\/media?parent=126"}],"curies":[{"name":"wp","href":"https:\/\/api.w.org\/{rel}","templated":true}]}}