{"id":103,"date":"2024-01-04T15:21:22","date_gmt":"2024-01-04T14:21:22","guid":{"rendered":"https:\/\/ericoglobal.com\/sv\/privacy-cookies\/"},"modified":"2024-06-26T17:50:34","modified_gmt":"2024-06-26T15:50:34","slug":"sekretess-cookies","status":"publish","type":"page","link":"https:\/\/ericoglobal.com\/sv\/sekretess-cookies\/","title":{"rendered":"Sekretess &#038; Cookies"},"content":{"rendered":"<h1 class=\"wp-block-post-title\">Sekretess &#038; Cookies<\/h1>\n\n\n<h2 class=\"wp-block-heading has-medium-font-size\">Vilka \u00e4r vi<\/h2>\n\n\n\n<p>V\u00e5r webbplatsadress \u00e4r https:\/\/ericoglobal.com\/sv<\/p>\n\n\n\n<h2 class=\"wp-block-heading has-medium-font-size\">Kommentarer<\/h2>\n\n\n\n<p>N\u00e4r bes\u00f6kare skriver kommentarer p\u00e5 v\u00e5r webbplats samlar vi in de uppgifter som anges i kommentarsformul\u00e4ret samt bes\u00f6karnas IP-adress och anv\u00e4ndaragentstr\u00e4ngen fr\u00e5n webbl\u00e4saren f\u00f6r att skr\u00e4ppost ska kunna uppt\u00e4ckas.<\/p>\n\n\n\n<p>En anonymiserad str\u00e4ng som skapas fr\u00e5n din e-postadress (kallas \u00e4ven kondensat eller hash) kan skickas till tj\u00e4nsten Gravatar f\u00f6r att se om du anv\u00e4nder den tj\u00e4nsten. Gravatars integritetspolicy kan l\u00e4sas h\u00e4r: https:\/\/automattic.com\/privacy\/. N\u00e4r din kommentar har godk\u00e4nts visas din bild f\u00f6r allm\u00e4nheten intill kommentaren.<\/p>\n\n\n\n<h2 class=\"wp-block-heading has-medium-font-size\">Bildmaterial<\/h2>\n\n\n\n<p>Om du laddar upp bilder p\u00e5 webbplatsen b\u00f6r de inte ha inb\u00e4ddade platsdata (exif-filer med GPS-data). Webbplatsbes\u00f6kare kan ladda ned och f\u00e5 fram platsdata fr\u00e5n bilder p\u00e5 webbplatsen.<\/p>\n\n\n\n<h2 class=\"wp-block-heading has-medium-font-size\">Cookiefiler<\/h2>\n\n\n\n<p>Om du skriver kommentarer p\u00e5 v\u00e5r webbplats kan du v\u00e4lja om ditt namn, e-postadress och webbplats ska sparas i cookiefiler. Det underl\u00e4ttar f\u00f6r dig s\u00e5 att du inte beh\u00f6ver fylla i dina personuppgifter n\u00e4sta g\u00e5ng du vill skriva en kommentar. S\u00e5dana h\u00e4r cookiefilerna sparas i ett \u00e5r.<\/p>\n\n\n\n<p>Om du g\u00e5r till v\u00e5r inloggningssida l\u00e4gger vi in en tillf\u00e4llig cookiefil f\u00f6r att se om cookiefiler till\u00e5ts i din webbl\u00e4sare. Den h\u00e4r cookiefilen inneh\u00e5ller inga personuppgifter och f\u00f6rsvinner n\u00e4r du st\u00e4nger webbl\u00e4saren.<\/p>\n\n\n\n<p>N\u00e4r du loggar in l\u00e4gger vi in ett antal cookiefiler d\u00e4r dina inloggningsuppgifter och sk\u00e4rminst\u00e4llningar sparas.<br>Cookiefilerna f\u00f6r inloggningsuppgifter ligger kvar i tv\u00e5 dagar och de f\u00f6r sk\u00e4rminst\u00e4llningar i ett \u00e5r. Om du klickar i att du vill bli ih\u00e5gkommen sparas inloggningsuppgifterna i tv\u00e5 veckor. Om du loggar ut fr\u00e5n kontot tas cookiefilerna med inloggningsuppgifter bort. Om du redigerar eller publicerar en artikel sparas en extra cookiefil i din webbl\u00e4sare.<\/p>\n\n\n\n<p>Den inneh\u00e5ller inga personuppgifter utan visar bara inl\u00e4ggs-id:t p\u00e5 den artikel du precis har redigerat.<br>Den g\u00e5r ut efter en dag.<\/p>\n\n\n\n<h2 class=\"wp-block-heading has-medium-font-size\">Vilka typer av cookies anv\u00e4nder vi?<\/h2>\n\n\n\n<h3 class=\"wp-block-heading has-small-font-size\">Funktionella cookies<\/h3>\n\n\n\n<p>De h\u00e4r cookiefilerna beh\u00f6vs f\u00f6r att du ska kunna anv\u00e4nda alla funktioner p\u00e5 v\u00e5r webbplats. Tack vare dem kan vi uppr\u00e4tth\u00e5lla anv\u00e4ndarsessioner och f\u00f6rhindra s\u00e4kerhetshot. Inga personuppgifter samlas in eller lagras i dem.<\/p>\n\n\n\n<h3 class=\"wp-block-heading has-small-font-size\">Statistikcookies<\/h3>\n\n\n\n<p>I de h\u00e4r cookiefilerna sparas uppgifter om antalet bes\u00f6kare p\u00e5 webbplatsen, antalet unika bes\u00f6kare, vilka sidor p\u00e5 webbplatsen som bes\u00f6ks och var bes\u00f6karna kommer ifr\u00e5n med mera. De h\u00e4r uppgifterna g\u00f6r att vi kan f\u00f6rst\u00e5 och analysera hur bra webbplatsen \u00e4r och vad som beh\u00f6ver f\u00f6rb\u00e4ttras.<\/p>\n\n\n\n<h3 class=\"wp-block-heading has-small-font-size\">Marknadsf\u00f6ringscookies<\/h3>\n\n\n\n<p>Annonser kan visas p\u00e5 v\u00e5r webbplats. De h\u00e4r cookiefilerna anv\u00e4nds f\u00f6r att anpassa annonserna som visas f\u00f6r dig s\u00e5 att de \u00e4r meningsfulla f\u00f6r dig. Genom dem kan vi \u00e4ven se hur effektiva annonskampanjerna \u00e4r. Tredjepartsannons\u00f6rer kan \u00e4ven anv\u00e4nda uppgifterna som lagras i de h\u00e4r filerna f\u00f6r att visa annonser f\u00f6r dig \u00e4ven p\u00e5 andra webbplatser i samma webbl\u00e4sare.<\/p>\n\n\n\n<h3 class=\"wp-block-heading has-small-font-size\">Inst\u00e4llningscookies<\/h3>\n\n\n\n<p>Med hj\u00e4lp av de h\u00e4r cookiefilerna sparas inst\u00e4llningar av exempelvis spr\u00e5k som du har gjort s\u00e5 att du f\u00e5r ett b\u00e4ttre och effektivare bes\u00f6k p\u00e5 webbplatsen n\u00e4sta g\u00e5ng.<\/p>\n\n\n\n<p>I tabellen nedan beskrivs de cookiefiler som vi anv\u00e4nder p\u00e5 webbplatsen.<\/p>\n\n\n\n<figure class=\"wp-block-table\"><table class=\"has-fixed-layout\"><thead><tr><th>Beskrivning<\/th><th>cookies<\/th><\/tr><\/thead><tbody><tr><td><code>cmplz_banner-status<\/code><\/td><td><\/td><\/tr><tr><td><code>cmplz_consented_services<\/code><\/td><td><\/td><\/tr><tr><td><code>cmplz_functional<\/code><\/td><td>H\u00e4r sparas anv\u00e4ndarnas samtycke till funktionella cookies.<\/td><\/tr><tr><td><code>cmplz_marketing<\/code><\/td><td>H\u00e4r sparas anv\u00e4ndarnas samtycke till marknadsf\u00f6ringscookies.<\/td><\/tr><tr><td><code>cmplz_policy_id<\/code><\/td><td><\/td><\/tr><tr><td><code>cmplz_preferences<\/code><\/td><td>H\u00e4r sparas anv\u00e4ndarnas samtycke till funktionella cookies.<\/td><\/tr><tr><td><code>cmplz_statistics<\/code><\/td><td>H\u00e4r sparas anv\u00e4ndarnas samtycke till statistikcookies.<\/td><\/tr><tr><td><code>googtrans<\/code><\/td><td>H\u00e4r sparas det spr\u00e5k som anv\u00e4ndarna har valt.<\/td><\/tr><\/tbody><\/table><\/figure>\n\n\n\n<h2 class=\"wp-block-heading has-medium-font-size\">Inb\u00e4ddat inneh\u00e5ll fr\u00e5n andra webbplatser<\/h2>\n\n\n\n<p>Det kan finnas inb\u00e4ddat inneh\u00e5ll i artiklarna p\u00e5 den h\u00e4r webbplatsen (som filmer, bilder och andra artiklar med mera).<br>Inb\u00e4ddat inneh\u00e5ll fr\u00e5n andra webbplatser fungerar p\u00e5 samma s\u00e4tt som om bes\u00f6karen hade bes\u00f6kt de webbplatserna.<\/p>\n\n\n\n<p>De h\u00e4r webbplatserna kan samla in uppgifter om dig, anv\u00e4nda cookiefiler, b\u00e4dda in andra sp\u00e5rare fr\u00e5n tredje part och se hur du interagerar med det inb\u00e4ddade inneh\u00e5llet. De kan till exempel registrera hur du interagerar med det inb\u00e4ddade inneh\u00e5llet om du har ett konto och \u00e4r inloggad p\u00e5 den webbplatsen.<\/p>\n\n\n\n<h2 class=\"wp-block-heading has-medium-font-size\">Till vilka vidarebefordrar vi dina personuppgifter?<\/h2>\n\n\n\n<p>Om du anger att du vill \u00e5terst\u00e4lla ditt l\u00f6senord ing\u00e5r din IP-adress i e-postmeddelandet f\u00f6r \u00e5terst\u00e4llning som skickas.<\/p>\n\n\n\n<h2 class=\"wp-block-heading has-medium-font-size\">Hur l\u00e4nge beh\u00e5ller vi dina personuppgifter?<\/h2>\n\n\n\n<p>Om du skriver en kommentar sparar vi kommentaren och dess metadata f\u00f6r alltid. Det g\u00f6r vi f\u00f6r att eventuella uppf\u00f6ljande kommentarer ska k\u00e4nnas igen och godk\u00e4nnas automatiskt i st\u00e4llet f\u00f6r att beh\u00f6va l\u00e4ggas i en modereringsk\u00f6.<\/p>\n\n\n\n<p>F\u00f6r anv\u00e4ndare som registrerar sig p\u00e5 v\u00e5r webbplats lagrar vi \u00e4ven de (eventuella) personuppgifter som de anger i sin anv\u00e4ndarprofil. Alla anv\u00e4ndare kan n\u00e4r som helst se, \u00e4ndra eller ta bort sina personuppgifter (f\u00f6rutom sitt anv\u00e4ndarnamn). Webbplatsadministrat\u00f6rer kan ocks\u00e5 se och \u00e4ndra personuppgifter.<\/p>\n\n\n\n<h2 class=\"wp-block-heading has-medium-font-size\">Vilka r\u00e4ttigheter har du n\u00e4r det g\u00e4ller dina personuppgifter?<\/h2>\n\n\n\n<p>Om du har ett konto p\u00e5 den h\u00e4r webbplatsen eller har skrivit kommentarer kan du beg\u00e4ra att f\u00e5 ut en exporterad fil med de personuppgifter som vi har om dig, inklusive uppgifter som du har uppgett f\u00f6r oss. Du kan \u00e4ven beg\u00e4ra att vi raderar alla personuppgifter som vi har om dig. Det g\u00e4ller inte uppgifter som vi m\u00e5ste beh\u00e5lla av administrativa eller r\u00e4ttsliga sk\u00e4l eller av s\u00e4kerhetssk\u00e4l.<\/p>\n\n\n\n<h2 class=\"wp-block-heading has-medium-font-size\">Var skickas dina personuppgifter?<\/h2>\n\n\n\n<p>Kommentarer fr\u00e5n bes\u00f6kare kan kontrolleras genom en tj\u00e4nst f\u00f6r automatisk uppt\u00e4ckt av spam.<\/p>\n\n\n\n<h2 class=\"wp-block-heading has-medium-font-size\">Webbl\u00e4sar- och enhetsbaserat samtycke<\/h2>\n\n\n\n<p>P\u00e5 den h\u00e4r webbplatsen anv\u00e4nds Privacy Suite for WordPress fr\u00e5n Complianz f\u00f6r att samla in webbl\u00e4sar- och enhetsbaserat samtycke. F\u00f6r den h\u00e4r funktionen anonymiseras din IP-adress och lagras i v\u00e5r databas.<br>I den h\u00e4r tj\u00e4nsten behandlas inga identitetsuppgifter, och inga uppgifter vidarebefordras till f\u00f6retaget som tillhandah\u00e5ller tj\u00e4nsten. Se Complianz meddelande om skydd av personuppgifter f\u00f6r mer information.<\/p>\n","protected":false},"excerpt":{"rendered":"<p>Vilka vi \u00e4r V\u00e5r webbadress \u00e4r https:\/\/ericoglobal.com. Kommentarer N\u00e4r bes\u00f6kare l\u00e4mnar kommentarer p\u00e5 webbplatsen samlar vi in de uppgifter som visas i kommentarsformul\u00e4ret, och \u00e4ven bes\u00f6karens IP-adress och webbl\u00e4sarens anv\u00e4ndaragentstr\u00e4ng f\u00f6r att hj\u00e4lpa till att uppt\u00e4cka skr\u00e4ppost. En anonymiserad str\u00e4ng som skapats fr\u00e5n din e-postadress (\u00e4ven kallad hash) kan tillhandah\u00e5llas till Gravatar-tj\u00e4nsten f\u00f6r att se om du anv\u00e4nder den. Gravatar-tj\u00e4nstens sekretesspolicy finns h\u00e4r: https:\/\/automattic.com\/privacy\/. N\u00e4r din kommentar har godk\u00e4nts \u00e4r din profilbild synlig f\u00f6r allm\u00e4nheten i samband med din kommentar. Media Om du laddar upp bilder till [&#8230;]<\/p>\n","protected":false},"author":2,"featured_media":0,"parent":0,"menu_order":0,"comment_status":"closed","ping_status":"closed","template":"","meta":{"_trash_the_other_posts":false,"editor_notices":[],"footnotes":""},"class_list":["post-103","page","type-page","status-publish","hentry"],"yoast_head":"<!-- This site is optimized with the Yoast SEO plugin v27.5 - https:\/\/yoast.com\/product\/yoast-seo-wordpress\/ -->\n<title>Sekretess &amp; Cookies - Erico (SE)<\/title>\n<meta name=\"robots\" content=\"index, follow, max-snippet:-1, max-image-preview:large, max-video-preview:-1\" \/>\n<link rel=\"canonical\" href=\"https:\/\/ericoglobal.com\/sv\/sekretess-cookies\/\" \/>\n<meta property=\"og:locale\" content=\"sv_SE\" \/>\n<meta property=\"og:type\" content=\"article\" \/>\n<meta property=\"og:title\" content=\"Sekretess &amp; Cookies - Erico (SE)\" \/>\n<meta property=\"og:description\" content=\"Vilka vi \u00e4r V\u00e5r webbadress \u00e4r https:\/\/ericoglobal.com. Kommentarer N\u00e4r bes\u00f6kare l\u00e4mnar kommentarer p\u00e5 webbplatsen samlar vi in de uppgifter som visas i kommentarsformul\u00e4ret, och \u00e4ven bes\u00f6karens IP-adress och webbl\u00e4sarens anv\u00e4ndaragentstr\u00e4ng f\u00f6r att hj\u00e4lpa till att uppt\u00e4cka skr\u00e4ppost. En anonymiserad str\u00e4ng som skapats fr\u00e5n din e-postadress (\u00e4ven kallad hash) kan tillhandah\u00e5llas till Gravatar-tj\u00e4nsten f\u00f6r att se om du anv\u00e4nder den. Gravatar-tj\u00e4nstens sekretesspolicy finns h\u00e4r: https:\/\/automattic.com\/privacy\/. N\u00e4r din kommentar har godk\u00e4nts \u00e4r din profilbild synlig f\u00f6r allm\u00e4nheten i samband med din kommentar. Media Om du laddar upp bilder till [...]\" \/>\n<meta property=\"og:url\" content=\"https:\/\/ericoglobal.com\/sv\/sekretess-cookies\/\" \/>\n<meta property=\"og:site_name\" content=\"Erico (SE)\" \/>\n<meta property=\"article:modified_time\" content=\"2024-06-26T15:50:34+00:00\" \/>\n<meta name=\"twitter:card\" content=\"summary_large_image\" \/>\n<meta name=\"twitter:label1\" content=\"Est. reading time\" \/>\n\t<meta name=\"twitter:data1\" content=\"5 minuter\" \/>\n<script type=\"application\/ld+json\" class=\"yoast-schema-graph\">{\"@context\":\"https:\\\/\\\/schema.org\",\"@graph\":[{\"@type\":\"WebPage\",\"@id\":\"https:\\\/\\\/ericoglobal.com\\\/sv\\\/sekretess-cookies\\\/\",\"url\":\"https:\\\/\\\/ericoglobal.com\\\/sv\\\/sekretess-cookies\\\/\",\"name\":\"Sekretess & Cookies - Erico (SE)\",\"isPartOf\":{\"@id\":\"https:\\\/\\\/ericoglobal.com\\\/sv\\\/#website\"},\"datePublished\":\"2024-01-04T14:21:22+00:00\",\"dateModified\":\"2024-06-26T15:50:34+00:00\",\"breadcrumb\":{\"@id\":\"https:\\\/\\\/ericoglobal.com\\\/sv\\\/sekretess-cookies\\\/#breadcrumb\"},\"inLanguage\":\"sv-SE\",\"potentialAction\":[{\"@type\":\"ReadAction\",\"target\":[\"https:\\\/\\\/ericoglobal.com\\\/sv\\\/sekretess-cookies\\\/\"]}]},{\"@type\":\"BreadcrumbList\",\"@id\":\"https:\\\/\\\/ericoglobal.com\\\/sv\\\/sekretess-cookies\\\/#breadcrumb\",\"itemListElement\":[{\"@type\":\"ListItem\",\"position\":1,\"name\":\"Home\",\"item\":\"https:\\\/\\\/ericoglobal.com\\\/sv\\\/\"},{\"@type\":\"ListItem\",\"position\":2,\"name\":\"Sekretess &#038; Cookies\"}]},{\"@type\":\"WebSite\",\"@id\":\"https:\\\/\\\/ericoglobal.com\\\/sv\\\/#website\",\"url\":\"https:\\\/\\\/ericoglobal.com\\\/sv\\\/\",\"name\":\"Erico (SE)\",\"description\":\"\",\"publisher\":{\"@id\":\"https:\\\/\\\/ericoglobal.com\\\/sv\\\/#organization\"},\"potentialAction\":[{\"@type\":\"SearchAction\",\"target\":{\"@type\":\"EntryPoint\",\"urlTemplate\":\"https:\\\/\\\/ericoglobal.com\\\/sv\\\/?s={search_term_string}\"},\"query-input\":{\"@type\":\"PropertyValueSpecification\",\"valueRequired\":true,\"valueName\":\"search_term_string\"}}],\"inLanguage\":\"sv-SE\"},{\"@type\":\"Organization\",\"@id\":\"https:\\\/\\\/ericoglobal.com\\\/sv\\\/#organization\",\"name\":\"Erico (SE)\",\"url\":\"https:\\\/\\\/ericoglobal.com\\\/sv\\\/\",\"logo\":{\"@type\":\"ImageObject\",\"inLanguage\":\"sv-SE\",\"@id\":\"https:\\\/\\\/ericoglobal.com\\\/sv\\\/#\\\/schema\\\/logo\\\/image\\\/\",\"url\":\"https:\\\/\\\/cdn.ericoglobal.com\\\/uploads\\\/sites\\\/3\\\/2024\\\/05\\\/logo_erico-primary_color.svg\",\"contentUrl\":\"https:\\\/\\\/cdn.ericoglobal.com\\\/uploads\\\/sites\\\/3\\\/2024\\\/05\\\/logo_erico-primary_color.svg\",\"width\":76,\"height\":24,\"caption\":\"Erico (SE)\"},\"image\":{\"@id\":\"https:\\\/\\\/ericoglobal.com\\\/sv\\\/#\\\/schema\\\/logo\\\/image\\\/\"}}]}<\/script>\n<!-- \/ Yoast SEO plugin. -->","yoast_head_json":{"title":"Sekretess & Cookies - Erico (SE)","robots":{"index":"index","follow":"follow","max-snippet":"max-snippet:-1","max-image-preview":"max-image-preview:large","max-video-preview":"max-video-preview:-1"},"canonical":"https:\/\/ericoglobal.com\/sv\/sekretess-cookies\/","og_locale":"sv_SE","og_type":"article","og_title":"Sekretess & Cookies - Erico (SE)","og_description":"Vilka vi \u00e4r V\u00e5r webbadress \u00e4r https:\/\/ericoglobal.com. Kommentarer N\u00e4r bes\u00f6kare l\u00e4mnar kommentarer p\u00e5 webbplatsen samlar vi in de uppgifter som visas i kommentarsformul\u00e4ret, och \u00e4ven bes\u00f6karens IP-adress och webbl\u00e4sarens anv\u00e4ndaragentstr\u00e4ng f\u00f6r att hj\u00e4lpa till att uppt\u00e4cka skr\u00e4ppost. En anonymiserad str\u00e4ng som skapats fr\u00e5n din e-postadress (\u00e4ven kallad hash) kan tillhandah\u00e5llas till Gravatar-tj\u00e4nsten f\u00f6r att se om du anv\u00e4nder den. Gravatar-tj\u00e4nstens sekretesspolicy finns h\u00e4r: https:\/\/automattic.com\/privacy\/. N\u00e4r din kommentar har godk\u00e4nts \u00e4r din profilbild synlig f\u00f6r allm\u00e4nheten i samband med din kommentar. Media Om du laddar upp bilder till [...]","og_url":"https:\/\/ericoglobal.com\/sv\/sekretess-cookies\/","og_site_name":"Erico (SE)","article_modified_time":"2024-06-26T15:50:34+00:00","twitter_card":"summary_large_image","twitter_misc":{"Est. reading time":"5 minuter"},"schema":{"@context":"https:\/\/schema.org","@graph":[{"@type":"WebPage","@id":"https:\/\/ericoglobal.com\/sv\/sekretess-cookies\/","url":"https:\/\/ericoglobal.com\/sv\/sekretess-cookies\/","name":"Sekretess & Cookies - Erico (SE)","isPartOf":{"@id":"https:\/\/ericoglobal.com\/sv\/#website"},"datePublished":"2024-01-04T14:21:22+00:00","dateModified":"2024-06-26T15:50:34+00:00","breadcrumb":{"@id":"https:\/\/ericoglobal.com\/sv\/sekretess-cookies\/#breadcrumb"},"inLanguage":"sv-SE","potentialAction":[{"@type":"ReadAction","target":["https:\/\/ericoglobal.com\/sv\/sekretess-cookies\/"]}]},{"@type":"BreadcrumbList","@id":"https:\/\/ericoglobal.com\/sv\/sekretess-cookies\/#breadcrumb","itemListElement":[{"@type":"ListItem","position":1,"name":"Home","item":"https:\/\/ericoglobal.com\/sv\/"},{"@type":"ListItem","position":2,"name":"Sekretess &#038; Cookies"}]},{"@type":"WebSite","@id":"https:\/\/ericoglobal.com\/sv\/#website","url":"https:\/\/ericoglobal.com\/sv\/","name":"Erico (SE)","description":"","publisher":{"@id":"https:\/\/ericoglobal.com\/sv\/#organization"},"potentialAction":[{"@type":"SearchAction","target":{"@type":"EntryPoint","urlTemplate":"https:\/\/ericoglobal.com\/sv\/?s={search_term_string}"},"query-input":{"@type":"PropertyValueSpecification","valueRequired":true,"valueName":"search_term_string"}}],"inLanguage":"sv-SE"},{"@type":"Organization","@id":"https:\/\/ericoglobal.com\/sv\/#organization","name":"Erico (SE)","url":"https:\/\/ericoglobal.com\/sv\/","logo":{"@type":"ImageObject","inLanguage":"sv-SE","@id":"https:\/\/ericoglobal.com\/sv\/#\/schema\/logo\/image\/","url":"https:\/\/cdn.ericoglobal.com\/uploads\/sites\/3\/2024\/05\/logo_erico-primary_color.svg","contentUrl":"https:\/\/cdn.ericoglobal.com\/uploads\/sites\/3\/2024\/05\/logo_erico-primary_color.svg","width":76,"height":24,"caption":"Erico (SE)"},"image":{"@id":"https:\/\/ericoglobal.com\/sv\/#\/schema\/logo\/image\/"}}]}},"_links":{"self":[{"href":"https:\/\/ericoglobal.com\/sv\/wp-json\/wp\/v2\/pages\/103","targetHints":{"allow":["GET"]}}],"collection":[{"href":"https:\/\/ericoglobal.com\/sv\/wp-json\/wp\/v2\/pages"}],"about":[{"href":"https:\/\/ericoglobal.com\/sv\/wp-json\/wp\/v2\/types\/page"}],"author":[{"embeddable":true,"href":"https:\/\/ericoglobal.com\/sv\/wp-json\/wp\/v2\/users\/2"}],"replies":[{"embeddable":true,"href":"https:\/\/ericoglobal.com\/sv\/wp-json\/wp\/v2\/comments?post=103"}],"version-history":[{"count":4,"href":"https:\/\/ericoglobal.com\/sv\/wp-json\/wp\/v2\/pages\/103\/revisions"}],"predecessor-version":[{"id":214,"href":"https:\/\/ericoglobal.com\/sv\/wp-json\/wp\/v2\/pages\/103\/revisions\/214"}],"wp:attachment":[{"href":"https:\/\/ericoglobal.com\/sv\/wp-json\/wp\/v2\/media?parent=103"}],"curies":[{"name":"wp","href":"https:\/\/api.w.org\/{rel}","templated":true}]}}