{"id":100,"date":"2024-01-04T15:20:38","date_gmt":"2024-01-04T14:20:38","guid":{"rendered":"https:\/\/ericoglobal.com\/sv\/certificates\/"},"modified":"2025-07-17T11:51:25","modified_gmt":"2025-07-17T09:51:25","slug":"policydokument","status":"publish","type":"page","link":"https:\/\/ericoglobal.com\/sv\/policydokument\/","title":{"rendered":"Policydokument"},"content":{"rendered":"\n<div class=\"wp-block-cover alignfull has-custom-content-position is-position-bottom-center is-style-hero--overlap\" style=\"min-height:824px;aspect-ratio:unset;\"><img decoding=\"async\" class=\"wp-block-cover__image-background wp-image-420\" alt=\"\" src=\"https:\/\/cdn.ericoglobal.com\/uploads\/2024\/02\/erico-truck-road.jpg\" style=\"object-position:50% 57%\" data-object-fit=\"cover\" data-object-position=\"50% 57%\"\/><span aria-hidden=\"true\" class=\"wp-block-cover__background has-background-dim-0 has-background-dim\"><\/span><div class=\"wp-block-cover__inner-container is-layout-flow wp-block-cover-is-layout-flow\">\n<p class=\"has-text-align-center has-large-font-size\"><\/p>\n<\/div><\/div>\n\n\n\n<div class=\"wp-block-group alignwide is-style-cover-text-container has-base-white-background-color has-background has-global-padding is-layout-constrained wp-block-group-is-layout-constrained\" style=\"padding-top:var(--wp--preset--spacing--2-xl);padding-bottom:var(--wp--preset--spacing--2-xl)\">\n<div class=\"wp-block-erico-global-pill-container\"><span class=\"wp-block-erico-global-pill aligncenter is-style-outline\"><span class=\"wp-block-erico-global-pill__label\">CERTIFIERINGAR<\/span><\/span><\/div>\n\n\n\n<h2 class=\"wp-block-heading has-text-align-center\"><strong><strong>Milj\u00f6n \u00e4r viktig f\u00f6r oss.<\/strong><\/strong><\/h2>\n\n\n\n<p class=\"has-text-align-center has-large-font-size\">Vi arbetar h\u00e5rt f\u00f6r att \u00e5stadkomma en b\u00e4ttre milj\u00f6. Vi \u00e4r beroende av milj\u00f6n f\u00f6r att \u00f6verleva. Vi st\u00e4ller h\u00f6ga milj\u00f6krav p\u00e5 oss sj\u00e4lva och v\u00e5ra leverant\u00f6rer. V\u00e5r m\u00e5ls\u00e4ttning \u00e4r att uppfylla alla krav som marknaden och myndigheter st\u00e4ller p\u00e5 oss utan undantag.<\/p>\n<\/div>\n\n\n\n<div class=\"wp-block-group alignwide is-content-justification-center is-nowrap is-layout-flex wp-container-core-group-is-layout-23441af8 wp-block-group-is-layout-flex\">\n<figure class=\"wp-block-image size-large is-resized\"><img decoding=\"async\" src=\"https:\/\/cdn.ericoglobal.com\/uploads\/2024\/02\/erico-pallets-recovered-1024x683.jpg\" alt=\"\" class=\"wp-image-457\" style=\"aspect-ratio:1.7777777777777777;object-fit:cover;width:589px;height:auto\"\/><\/figure>\n\n\n\n<div class=\"wp-block-group alignwide has-global-padding is-layout-constrained wp-block-group-is-layout-constrained\">\n<div class=\"wp-block-columns alignwide is-layout-flex wp-container-core-columns-is-layout-28f84493 wp-block-columns-is-layout-flex\">\n<div class=\"wp-block-column is-layout-flow wp-block-column-is-layout-flow\" style=\"flex-basis:100%\">\n<div class=\"wp-block-file alignright\"><a href=\"https:\/\/cdn.ericoglobal.com\/uploads\/2024\/03\/Eric-Opall-Certificate.pdf\" class=\"wp-block-file__button wp-element-button\" download>Ladda ned<\/a><\/div>\n<\/div>\n<\/div>\n\n\n\n<div class=\"wp-block-columns alignwide is-layout-flex wp-container-core-columns-is-layout-28f84493 wp-block-columns-is-layout-flex\">\n<div class=\"wp-block-column is-layout-flow wp-block-column-is-layout-flow\" style=\"flex-basis:100%\">\n<div class=\"wp-block-file alignright\"><a href=\"https:\/\/cdn.ericoglobal.com\/uploads\/2024\/03\/Waste-Exemption-Dec-7-2021.pdf\" class=\"wp-block-file__button wp-element-button\" download>Ladda ned<\/a><\/div>\n<\/div>\n<\/div>\n\n\n\n<div class=\"wp-block-columns alignwide is-layout-flex wp-container-core-columns-is-layout-28f84493 wp-block-columns-is-layout-flex\">\n<div class=\"wp-block-column is-layout-flow wp-block-column-is-layout-flow\" style=\"flex-basis:100%\">\n<div class=\"wp-block-file alignright\"><a href=\"https:\/\/cdn.ericoglobal.com\/uploads\/2024\/03\/Waste-Exemption-U9-S2-Jan-5.pdf\" class=\"wp-block-file__button wp-element-button\" download>Ladda ned<\/a><\/div>\n<\/div>\n<\/div>\n<\/div>\n<\/div>\n\n\n\n<p><\/p>\n","protected":false},"excerpt":{"rendered":"<p>Stort p\u00e5 milj\u00f6n. Vi arbetar h\u00e5rt f\u00f6r att skapa en b\u00e4ttre milj\u00f6. Milj\u00f6n h\u00e5ller oss varma och omh\u00e4ndertagna. Vi st\u00e4ller h\u00f6ga milj\u00f6krav p\u00e5 oss sj\u00e4lva och v\u00e5ra leverant\u00f6rer. V\u00e5rt m\u00e5l \u00e4r att utan undantag uppfylla de krav som marknaden och regeringarna st\u00e4ller p\u00e5 oss. Vi har ett registreringsbevis enligt Waste (England and Wales) Regulations 2011 f\u00f6r transport av avfall.<\/p>\n","protected":false},"author":2,"featured_media":0,"parent":0,"menu_order":0,"comment_status":"closed","ping_status":"closed","template":"","meta":{"_trash_the_other_posts":false,"editor_notices":[],"footnotes":""},"class_list":["post-100","page","type-page","status-publish","hentry"],"yoast_head":"<!-- This site is optimized with the Yoast SEO plugin v27.2 - https:\/\/yoast.com\/product\/yoast-seo-wordpress\/ -->\n<title>Policydokument - Erico (SE)<\/title>\n<meta name=\"robots\" content=\"index, follow, max-snippet:-1, max-image-preview:large, max-video-preview:-1\" \/>\n<link rel=\"canonical\" href=\"https:\/\/ericoglobal.com\/sv\/policydokument\/\" \/>\n<meta property=\"og:locale\" content=\"sv_SE\" \/>\n<meta property=\"og:type\" content=\"article\" \/>\n<meta property=\"og:title\" content=\"Policydokument - Erico (SE)\" \/>\n<meta property=\"og:description\" content=\"Stort p\u00e5 milj\u00f6n. Vi arbetar h\u00e5rt f\u00f6r att skapa en b\u00e4ttre milj\u00f6. Milj\u00f6n h\u00e5ller oss varma och omh\u00e4ndertagna. Vi st\u00e4ller h\u00f6ga milj\u00f6krav p\u00e5 oss sj\u00e4lva och v\u00e5ra leverant\u00f6rer. V\u00e5rt m\u00e5l \u00e4r att utan undantag uppfylla de krav som marknaden och regeringarna st\u00e4ller p\u00e5 oss. Vi har ett registreringsbevis enligt Waste (England and Wales) Regulations 2011 f\u00f6r transport av avfall.\" \/>\n<meta property=\"og:url\" content=\"https:\/\/ericoglobal.com\/sv\/policydokument\/\" \/>\n<meta property=\"og:site_name\" content=\"Erico (SE)\" \/>\n<meta property=\"article:modified_time\" content=\"2025-07-17T09:51:25+00:00\" \/>\n<meta name=\"twitter:card\" content=\"summary_large_image\" \/>\n<meta name=\"twitter:label1\" content=\"Est. reading time\" \/>\n\t<meta name=\"twitter:data1\" content=\"1 minut\" \/>\n<script type=\"application\/ld+json\" class=\"yoast-schema-graph\">{\"@context\":\"https:\/\/schema.org\",\"@graph\":[{\"@type\":\"WebPage\",\"@id\":\"https:\/\/ericoglobal.com\/sv\/policydokument\/\",\"url\":\"https:\/\/ericoglobal.com\/sv\/policydokument\/\",\"name\":\"Policydokument - Erico (SE)\",\"isPartOf\":{\"@id\":\"https:\/\/ericoglobal.com\/sv\/#website\"},\"primaryImageOfPage\":{\"@id\":\"https:\/\/ericoglobal.com\/sv\/policydokument\/#primaryimage\"},\"image\":{\"@id\":\"https:\/\/ericoglobal.com\/sv\/policydokument\/#primaryimage\"},\"thumbnailUrl\":\"https:\/\/cdn.ericoglobal.com\/uploads\/2024\/02\/erico-truck-road.jpg\",\"datePublished\":\"2024-01-04T14:20:38+00:00\",\"dateModified\":\"2025-07-17T09:51:25+00:00\",\"breadcrumb\":{\"@id\":\"https:\/\/ericoglobal.com\/sv\/policydokument\/#breadcrumb\"},\"inLanguage\":\"sv-SE\",\"potentialAction\":[{\"@type\":\"ReadAction\",\"target\":[\"https:\/\/ericoglobal.com\/sv\/policydokument\/\"]}]},{\"@type\":\"ImageObject\",\"inLanguage\":\"sv-SE\",\"@id\":\"https:\/\/ericoglobal.com\/sv\/policydokument\/#primaryimage\",\"url\":\"https:\/\/cdn.ericoglobal.com\/uploads\/2024\/02\/erico-truck-road.jpg\",\"contentUrl\":\"https:\/\/cdn.ericoglobal.com\/uploads\/2024\/02\/erico-truck-road.jpg\"},{\"@type\":\"BreadcrumbList\",\"@id\":\"https:\/\/ericoglobal.com\/sv\/policydokument\/#breadcrumb\",\"itemListElement\":[{\"@type\":\"ListItem\",\"position\":1,\"name\":\"Home\",\"item\":\"https:\/\/ericoglobal.com\/sv\/\"},{\"@type\":\"ListItem\",\"position\":2,\"name\":\"Policydokument\"}]},{\"@type\":\"WebSite\",\"@id\":\"https:\/\/ericoglobal.com\/sv\/#website\",\"url\":\"https:\/\/ericoglobal.com\/sv\/\",\"name\":\"Erico (SE)\",\"description\":\"\",\"publisher\":{\"@id\":\"https:\/\/ericoglobal.com\/sv\/#organization\"},\"potentialAction\":[{\"@type\":\"SearchAction\",\"target\":{\"@type\":\"EntryPoint\",\"urlTemplate\":\"https:\/\/ericoglobal.com\/sv\/?s={search_term_string}\"},\"query-input\":{\"@type\":\"PropertyValueSpecification\",\"valueRequired\":true,\"valueName\":\"search_term_string\"}}],\"inLanguage\":\"sv-SE\"},{\"@type\":\"Organization\",\"@id\":\"https:\/\/ericoglobal.com\/sv\/#organization\",\"name\":\"Erico (SE)\",\"url\":\"https:\/\/ericoglobal.com\/sv\/\",\"logo\":{\"@type\":\"ImageObject\",\"inLanguage\":\"sv-SE\",\"@id\":\"https:\/\/ericoglobal.com\/sv\/#\/schema\/logo\/image\/\",\"url\":\"https:\/\/cdn.ericoglobal.com\/uploads\/sites\/3\/2024\/05\/logo_erico-primary_color.svg\",\"contentUrl\":\"https:\/\/cdn.ericoglobal.com\/uploads\/sites\/3\/2024\/05\/logo_erico-primary_color.svg\",\"width\":76,\"height\":24,\"caption\":\"Erico (SE)\"},\"image\":{\"@id\":\"https:\/\/ericoglobal.com\/sv\/#\/schema\/logo\/image\/\"}}]}<\/script>\n<!-- \/ Yoast SEO plugin. -->","yoast_head_json":{"title":"Policydokument - Erico (SE)","robots":{"index":"index","follow":"follow","max-snippet":"max-snippet:-1","max-image-preview":"max-image-preview:large","max-video-preview":"max-video-preview:-1"},"canonical":"https:\/\/ericoglobal.com\/sv\/policydokument\/","og_locale":"sv_SE","og_type":"article","og_title":"Policydokument - Erico (SE)","og_description":"Stort p\u00e5 milj\u00f6n. Vi arbetar h\u00e5rt f\u00f6r att skapa en b\u00e4ttre milj\u00f6. Milj\u00f6n h\u00e5ller oss varma och omh\u00e4ndertagna. Vi st\u00e4ller h\u00f6ga milj\u00f6krav p\u00e5 oss sj\u00e4lva och v\u00e5ra leverant\u00f6rer. V\u00e5rt m\u00e5l \u00e4r att utan undantag uppfylla de krav som marknaden och regeringarna st\u00e4ller p\u00e5 oss. Vi har ett registreringsbevis enligt Waste (England and Wales) Regulations 2011 f\u00f6r transport av avfall.","og_url":"https:\/\/ericoglobal.com\/sv\/policydokument\/","og_site_name":"Erico (SE)","article_modified_time":"2025-07-17T09:51:25+00:00","twitter_card":"summary_large_image","twitter_misc":{"Est. reading time":"1 minut"},"schema":{"@context":"https:\/\/schema.org","@graph":[{"@type":"WebPage","@id":"https:\/\/ericoglobal.com\/sv\/policydokument\/","url":"https:\/\/ericoglobal.com\/sv\/policydokument\/","name":"Policydokument - Erico (SE)","isPartOf":{"@id":"https:\/\/ericoglobal.com\/sv\/#website"},"primaryImageOfPage":{"@id":"https:\/\/ericoglobal.com\/sv\/policydokument\/#primaryimage"},"image":{"@id":"https:\/\/ericoglobal.com\/sv\/policydokument\/#primaryimage"},"thumbnailUrl":"https:\/\/cdn.ericoglobal.com\/uploads\/2024\/02\/erico-truck-road.jpg","datePublished":"2024-01-04T14:20:38+00:00","dateModified":"2025-07-17T09:51:25+00:00","breadcrumb":{"@id":"https:\/\/ericoglobal.com\/sv\/policydokument\/#breadcrumb"},"inLanguage":"sv-SE","potentialAction":[{"@type":"ReadAction","target":["https:\/\/ericoglobal.com\/sv\/policydokument\/"]}]},{"@type":"ImageObject","inLanguage":"sv-SE","@id":"https:\/\/ericoglobal.com\/sv\/policydokument\/#primaryimage","url":"https:\/\/cdn.ericoglobal.com\/uploads\/2024\/02\/erico-truck-road.jpg","contentUrl":"https:\/\/cdn.ericoglobal.com\/uploads\/2024\/02\/erico-truck-road.jpg"},{"@type":"BreadcrumbList","@id":"https:\/\/ericoglobal.com\/sv\/policydokument\/#breadcrumb","itemListElement":[{"@type":"ListItem","position":1,"name":"Home","item":"https:\/\/ericoglobal.com\/sv\/"},{"@type":"ListItem","position":2,"name":"Policydokument"}]},{"@type":"WebSite","@id":"https:\/\/ericoglobal.com\/sv\/#website","url":"https:\/\/ericoglobal.com\/sv\/","name":"Erico (SE)","description":"","publisher":{"@id":"https:\/\/ericoglobal.com\/sv\/#organization"},"potentialAction":[{"@type":"SearchAction","target":{"@type":"EntryPoint","urlTemplate":"https:\/\/ericoglobal.com\/sv\/?s={search_term_string}"},"query-input":{"@type":"PropertyValueSpecification","valueRequired":true,"valueName":"search_term_string"}}],"inLanguage":"sv-SE"},{"@type":"Organization","@id":"https:\/\/ericoglobal.com\/sv\/#organization","name":"Erico (SE)","url":"https:\/\/ericoglobal.com\/sv\/","logo":{"@type":"ImageObject","inLanguage":"sv-SE","@id":"https:\/\/ericoglobal.com\/sv\/#\/schema\/logo\/image\/","url":"https:\/\/cdn.ericoglobal.com\/uploads\/sites\/3\/2024\/05\/logo_erico-primary_color.svg","contentUrl":"https:\/\/cdn.ericoglobal.com\/uploads\/sites\/3\/2024\/05\/logo_erico-primary_color.svg","width":76,"height":24,"caption":"Erico (SE)"},"image":{"@id":"https:\/\/ericoglobal.com\/sv\/#\/schema\/logo\/image\/"}}]}},"_links":{"self":[{"href":"https:\/\/ericoglobal.com\/sv\/wp-json\/wp\/v2\/pages\/100","targetHints":{"allow":["GET"]}}],"collection":[{"href":"https:\/\/ericoglobal.com\/sv\/wp-json\/wp\/v2\/pages"}],"about":[{"href":"https:\/\/ericoglobal.com\/sv\/wp-json\/wp\/v2\/types\/page"}],"author":[{"embeddable":true,"href":"https:\/\/ericoglobal.com\/sv\/wp-json\/wp\/v2\/users\/2"}],"replies":[{"embeddable":true,"href":"https:\/\/ericoglobal.com\/sv\/wp-json\/wp\/v2\/comments?post=100"}],"version-history":[{"count":8,"href":"https:\/\/ericoglobal.com\/sv\/wp-json\/wp\/v2\/pages\/100\/revisions"}],"predecessor-version":[{"id":354,"href":"https:\/\/ericoglobal.com\/sv\/wp-json\/wp\/v2\/pages\/100\/revisions\/354"}],"wp:attachment":[{"href":"https:\/\/ericoglobal.com\/sv\/wp-json\/wp\/v2\/media?parent=100"}],"curies":[{"name":"wp","href":"https:\/\/api.w.org\/{rel}","templated":true}]}}